{"id":112,"date":"2024-07-30T13:47:58","date_gmt":"2024-07-30T13:47:58","guid":{"rendered":"https:\/\/vandorunnep.hu\/?page_id=112"},"modified":"2024-08-03T09:04:59","modified_gmt":"2024-08-03T09:04:59","slug":"aranyalma-hatkorjatek","status":"publish","type":"page","link":"https:\/\/vandorunnep.hu\/index.php\/vandorunnep\/jatszato-kalandparkok\/aranyalma-hatkorjatek\/","title":{"rendered":"ARANYALMA  HATK\u00d6RJ\u00c1T\u00c9K"},"content":{"rendered":"\t\t<div data-elementor-type=\"wp-page\" data-elementor-id=\"112\" class=\"elementor elementor-112\">\n\t\t\t\t<div class=\"elementor-element elementor-element-4d9732f e-grid e-con-boxed e-con e-parent\" data-id=\"4d9732f\" data-element_type=\"container\">\n\t\t\t\t\t<div class=\"e-con-inner\">\n\t\t\t\t<div class=\"elementor-element elementor-element-3bd9572 gallery-spacing-custom elementor-widget elementor-widget-image-gallery\" data-id=\"3bd9572\" data-element_type=\"widget\" data-widget_type=\"image-gallery.default\">\n\t\t\t\t<div class=\"elementor-widget-container\">\n\t\t\t\t\t\t\t<div class=\"elementor-image-gallery\">\n\t\t\t<div id='gallery-1' class='gallery galleryid-112 gallery-columns-2 gallery-size-full'><figure class='gallery-item'>\n\t\t\t<div class='gallery-icon landscape'>\n\t\t\t\t<a data-elementor-open-lightbox=\"yes\" data-elementor-lightbox-slideshow=\"3bd9572\" data-elementor-lightbox-title=\"Hatk\u00f6rj\u00e1t\u00e9k 1\" data-e-action-hash=\"#elementor-action%3Aaction%3Dlightbox%26settings%3DeyJpZCI6MTE0LCJ1cmwiOiJodHRwczpcL1wvdmFuZG9ydW5uZXAuaHVcL3dwLWNvbnRlbnRcL3VwbG9hZHNcLzIwMjRcLzA3XC9IYXRrb3JqYXRlay0xLXNjYWxlZC5qcGciLCJzbGlkZXNob3ciOiIzYmQ5NTcyIn0%3D\" href='https:\/\/vandorunnep.hu\/wp-content\/uploads\/2024\/07\/Hatkorjatek-1-scaled.jpg'><img fetchpriority=\"high\" decoding=\"async\" width=\"2560\" height=\"2560\" src=\"https:\/\/vandorunnep.hu\/wp-content\/uploads\/2024\/07\/Hatkorjatek-1-scaled.jpg\" class=\"attachment-full size-full\" alt=\"\" srcset=\"https:\/\/vandorunnep.hu\/wp-content\/uploads\/2024\/07\/Hatkorjatek-1-scaled.jpg 2560w, https:\/\/vandorunnep.hu\/wp-content\/uploads\/2024\/07\/Hatkorjatek-1-300x300.jpg 300w, https:\/\/vandorunnep.hu\/wp-content\/uploads\/2024\/07\/Hatkorjatek-1-1024x1024.jpg 1024w, https:\/\/vandorunnep.hu\/wp-content\/uploads\/2024\/07\/Hatkorjatek-1-150x150.jpg 150w, https:\/\/vandorunnep.hu\/wp-content\/uploads\/2024\/07\/Hatkorjatek-1-768x768.jpg 768w, https:\/\/vandorunnep.hu\/wp-content\/uploads\/2024\/07\/Hatkorjatek-1-1536x1536.jpg 1536w, https:\/\/vandorunnep.hu\/wp-content\/uploads\/2024\/07\/Hatkorjatek-1-2048x2048.jpg 2048w, https:\/\/vandorunnep.hu\/wp-content\/uploads\/2024\/07\/Hatkorjatek-1-855x855.jpg 855w, https:\/\/vandorunnep.hu\/wp-content\/uploads\/2024\/07\/Hatkorjatek-1-800x800.jpg 800w\" sizes=\"(max-width: 2560px) 100vw, 2560px\" \/><\/a>\n\t\t\t<\/div><\/figure><figure class='gallery-item'>\n\t\t\t<div class='gallery-icon landscape'>\n\t\t\t\t<a data-elementor-open-lightbox=\"yes\" data-elementor-lightbox-slideshow=\"3bd9572\" data-elementor-lightbox-title=\"Hatk\u00f6rj\u00e1t\u00e9k 2\" data-e-action-hash=\"#elementor-action%3Aaction%3Dlightbox%26settings%3DeyJpZCI6MTE1LCJ1cmwiOiJodHRwczpcL1wvdmFuZG9ydW5uZXAuaHVcL3dwLWNvbnRlbnRcL3VwbG9hZHNcLzIwMjRcLzA3XC9IYXRrb3JqYXRlay0yLXNjYWxlZC5qcGciLCJzbGlkZXNob3ciOiIzYmQ5NTcyIn0%3D\" href='https:\/\/vandorunnep.hu\/wp-content\/uploads\/2024\/07\/Hatkorjatek-2-scaled.jpg'><img decoding=\"async\" width=\"2560\" height=\"2560\" src=\"https:\/\/vandorunnep.hu\/wp-content\/uploads\/2024\/07\/Hatkorjatek-2-scaled.jpg\" class=\"attachment-full size-full\" alt=\"\" srcset=\"https:\/\/vandorunnep.hu\/wp-content\/uploads\/2024\/07\/Hatkorjatek-2-scaled.jpg 2560w, https:\/\/vandorunnep.hu\/wp-content\/uploads\/2024\/07\/Hatkorjatek-2-300x300.jpg 300w, https:\/\/vandorunnep.hu\/wp-content\/uploads\/2024\/07\/Hatkorjatek-2-1024x1024.jpg 1024w, https:\/\/vandorunnep.hu\/wp-content\/uploads\/2024\/07\/Hatkorjatek-2-150x150.jpg 150w, https:\/\/vandorunnep.hu\/wp-content\/uploads\/2024\/07\/Hatkorjatek-2-768x768.jpg 768w, https:\/\/vandorunnep.hu\/wp-content\/uploads\/2024\/07\/Hatkorjatek-2-1536x1536.jpg 1536w, https:\/\/vandorunnep.hu\/wp-content\/uploads\/2024\/07\/Hatkorjatek-2-2048x2048.jpg 2048w, https:\/\/vandorunnep.hu\/wp-content\/uploads\/2024\/07\/Hatkorjatek-2-855x855.jpg 855w, https:\/\/vandorunnep.hu\/wp-content\/uploads\/2024\/07\/Hatkorjatek-2-800x800.jpg 800w\" sizes=\"(max-width: 2560px) 100vw, 2560px\" \/><\/a>\n\t\t\t<\/div><\/figure><figure class='gallery-item'>\n\t\t\t<div class='gallery-icon landscape'>\n\t\t\t\t<a data-elementor-open-lightbox=\"yes\" data-elementor-lightbox-slideshow=\"3bd9572\" data-elementor-lightbox-title=\"Hatk\u00f6rj\u00e1t\u00e9k 3\" data-e-action-hash=\"#elementor-action%3Aaction%3Dlightbox%26settings%3DeyJpZCI6MTE2LCJ1cmwiOiJodHRwczpcL1wvdmFuZG9ydW5uZXAuaHVcL3dwLWNvbnRlbnRcL3VwbG9hZHNcLzIwMjRcLzA3XC9IYXRrb3JqYXRlay0zLXNjYWxlZC5qcGciLCJzbGlkZXNob3ciOiIzYmQ5NTcyIn0%3D\" href='https:\/\/vandorunnep.hu\/wp-content\/uploads\/2024\/07\/Hatkorjatek-3-scaled.jpg'><img decoding=\"async\" width=\"2560\" height=\"2560\" src=\"https:\/\/vandorunnep.hu\/wp-content\/uploads\/2024\/07\/Hatkorjatek-3-scaled.jpg\" class=\"attachment-full size-full\" alt=\"\" srcset=\"https:\/\/vandorunnep.hu\/wp-content\/uploads\/2024\/07\/Hatkorjatek-3-scaled.jpg 2560w, https:\/\/vandorunnep.hu\/wp-content\/uploads\/2024\/07\/Hatkorjatek-3-300x300.jpg 300w, https:\/\/vandorunnep.hu\/wp-content\/uploads\/2024\/07\/Hatkorjatek-3-1024x1024.jpg 1024w, https:\/\/vandorunnep.hu\/wp-content\/uploads\/2024\/07\/Hatkorjatek-3-150x150.jpg 150w, https:\/\/vandorunnep.hu\/wp-content\/uploads\/2024\/07\/Hatkorjatek-3-768x768.jpg 768w, https:\/\/vandorunnep.hu\/wp-content\/uploads\/2024\/07\/Hatkorjatek-3-1536x1536.jpg 1536w, https:\/\/vandorunnep.hu\/wp-content\/uploads\/2024\/07\/Hatkorjatek-3-2048x2048.jpg 2048w, https:\/\/vandorunnep.hu\/wp-content\/uploads\/2024\/07\/Hatkorjatek-3-855x855.jpg 855w, https:\/\/vandorunnep.hu\/wp-content\/uploads\/2024\/07\/Hatkorjatek-3-800x800.jpg 800w\" sizes=\"(max-width: 2560px) 100vw, 2560px\" \/><\/a>\n\t\t\t<\/div><\/figure><figure class='gallery-item'>\n\t\t\t<div class='gallery-icon landscape'>\n\t\t\t\t<a data-elementor-open-lightbox=\"yes\" data-elementor-lightbox-slideshow=\"3bd9572\" data-elementor-lightbox-title=\"Hatk\u00f6rj\u00e1t\u00e9k 4\" data-e-action-hash=\"#elementor-action%3Aaction%3Dlightbox%26settings%3DeyJpZCI6MTE3LCJ1cmwiOiJodHRwczpcL1wvdmFuZG9ydW5uZXAuaHVcL3dwLWNvbnRlbnRcL3VwbG9hZHNcLzIwMjRcLzA3XC9IYXRrb3JqYXRlay00LXNjYWxlZC5qcGciLCJzbGlkZXNob3ciOiIzYmQ5NTcyIn0%3D\" href='https:\/\/vandorunnep.hu\/wp-content\/uploads\/2024\/07\/Hatkorjatek-4-scaled.jpg'><img loading=\"lazy\" decoding=\"async\" width=\"2560\" height=\"2560\" src=\"https:\/\/vandorunnep.hu\/wp-content\/uploads\/2024\/07\/Hatkorjatek-4-scaled.jpg\" class=\"attachment-full size-full\" alt=\"\" srcset=\"https:\/\/vandorunnep.hu\/wp-content\/uploads\/2024\/07\/Hatkorjatek-4-scaled.jpg 2560w, https:\/\/vandorunnep.hu\/wp-content\/uploads\/2024\/07\/Hatkorjatek-4-300x300.jpg 300w, https:\/\/vandorunnep.hu\/wp-content\/uploads\/2024\/07\/Hatkorjatek-4-1024x1024.jpg 1024w, https:\/\/vandorunnep.hu\/wp-content\/uploads\/2024\/07\/Hatkorjatek-4-150x150.jpg 150w, https:\/\/vandorunnep.hu\/wp-content\/uploads\/2024\/07\/Hatkorjatek-4-768x768.jpg 768w, https:\/\/vandorunnep.hu\/wp-content\/uploads\/2024\/07\/Hatkorjatek-4-1536x1536.jpg 1536w, https:\/\/vandorunnep.hu\/wp-content\/uploads\/2024\/07\/Hatkorjatek-4-2048x2048.jpg 2048w, https:\/\/vandorunnep.hu\/wp-content\/uploads\/2024\/07\/Hatkorjatek-4-855x855.jpg 855w, https:\/\/vandorunnep.hu\/wp-content\/uploads\/2024\/07\/Hatkorjatek-4-800x800.jpg 800w\" sizes=\"(max-width: 2560px) 100vw, 2560px\" \/><\/a>\n\t\t\t<\/div><\/figure><figure class='gallery-item'>\n\t\t\t<div class='gallery-icon landscape'>\n\t\t\t\t<a data-elementor-open-lightbox=\"yes\" data-elementor-lightbox-slideshow=\"3bd9572\" data-elementor-lightbox-title=\"Hatk\u00f6rj\u00e1t\u00e9k 5\" data-e-action-hash=\"#elementor-action%3Aaction%3Dlightbox%26settings%3DeyJpZCI6MTE4LCJ1cmwiOiJodHRwczpcL1wvdmFuZG9ydW5uZXAuaHVcL3dwLWNvbnRlbnRcL3VwbG9hZHNcLzIwMjRcLzA3XC9IYXRrb3JqYXRlay01LXNjYWxlZC5qcGciLCJzbGlkZXNob3ciOiIzYmQ5NTcyIn0%3D\" href='https:\/\/vandorunnep.hu\/wp-content\/uploads\/2024\/07\/Hatkorjatek-5-scaled.jpg'><img loading=\"lazy\" decoding=\"async\" width=\"2560\" height=\"2560\" src=\"https:\/\/vandorunnep.hu\/wp-content\/uploads\/2024\/07\/Hatkorjatek-5-scaled.jpg\" class=\"attachment-full size-full\" alt=\"\" srcset=\"https:\/\/vandorunnep.hu\/wp-content\/uploads\/2024\/07\/Hatkorjatek-5-scaled.jpg 2560w, https:\/\/vandorunnep.hu\/wp-content\/uploads\/2024\/07\/Hatkorjatek-5-300x300.jpg 300w, https:\/\/vandorunnep.hu\/wp-content\/uploads\/2024\/07\/Hatkorjatek-5-1024x1024.jpg 1024w, https:\/\/vandorunnep.hu\/wp-content\/uploads\/2024\/07\/Hatkorjatek-5-150x150.jpg 150w, https:\/\/vandorunnep.hu\/wp-content\/uploads\/2024\/07\/Hatkorjatek-5-768x768.jpg 768w, https:\/\/vandorunnep.hu\/wp-content\/uploads\/2024\/07\/Hatkorjatek-5-1536x1536.jpg 1536w, https:\/\/vandorunnep.hu\/wp-content\/uploads\/2024\/07\/Hatkorjatek-5-2048x2048.jpg 2048w, https:\/\/vandorunnep.hu\/wp-content\/uploads\/2024\/07\/Hatkorjatek-5-855x855.jpg 855w, https:\/\/vandorunnep.hu\/wp-content\/uploads\/2024\/07\/Hatkorjatek-5-800x800.jpg 800w\" sizes=\"(max-width: 2560px) 100vw, 2560px\" \/><\/a>\n\t\t\t<\/div><\/figure>\n\t\t<\/div>\n\t\t<\/div>\n\t\t\t\t\t\t<\/div>\n\t\t\t\t<\/div>\n\t\t\t\t<div class=\"elementor-element elementor-element-9a58714 elementor-widget elementor-widget-text-editor\" data-id=\"9a58714\" data-element_type=\"widget\" data-widget_type=\"text-editor.default\">\n\t\t\t\t<div class=\"elementor-widget-container\">\n\t\t\t\t\t\t\t\t\t<h2><strong>Aranyalma Hatk\u00f6rj\u00e1t\u00e9k<\/strong><\/h2><p>Az <strong>Aranyalma K\u00e9zm\u0171hely <\/strong>j\u00e1tszat\u00f3 kertje, az <strong>Aranyalma Hatk\u00f6rj\u00e1t\u00e9k<\/strong> r\u00e9gen volt j\u00e1t\u00e9kokat felsorakoztat\u00f3 \u00fcgyess\u00e9gi, csal\u00e1di park, ahol nem csak a gyermekek, hanem anya, apa, nagymama, nagypapa is pr\u00f3b\u00e1ra teheti \u00fcgyess\u00e9g\u00e9t, j\u00e1tsz\u00f3kedv\u00e9t. A j\u00e1t\u00e9kok kipr\u00f3b\u00e1l\u00e1s\u00e1ban j\u00e1t\u00e9kmesterek seg\u00e9dkeznek. Az <strong>Aranyalma Hatk\u00f6rj\u00e1t\u00e9k<\/strong> <strong><em>Kisn\u00e9 Drexler Andrea <\/em><\/strong>megkeres\u00e9s\u00e9vel \u00e9rhet\u0151 el.<\/p><p>+36\/20\/359 62 94<\/p>\t\t\t\t\t\t\t\t<\/div>\n\t\t\t\t<\/div>\n\t\t\t\t\t<\/div>\n\t\t\t\t<\/div>\n\t\t\t\t<\/div>\n\t\t","protected":false},"excerpt":{"rendered":"<p>Aranyalma Hatk\u00f6rj\u00e1t\u00e9k Az Aranyalma K\u00e9zm\u0171hely j\u00e1tszat\u00f3 kertje, az Aranyalma Hatk\u00f6rj\u00e1t\u00e9k r\u00e9gen volt j\u00e1t\u00e9kokat felsorakoztat\u00f3 \u00fcgyess\u00e9gi, csal\u00e1di park, ahol nem csak<span class=\"more-dots\">&#8230;<\/span><\/p>\n","protected":false},"author":1,"featured_media":0,"parent":90,"menu_order":1,"comment_status":"closed","ping_status":"closed","template":"","meta":{"footnotes":""},"class_list":["post-112","page","type-page","status-publish","hentry","no-post-thumbnail"],"_links":{"self":[{"href":"https:\/\/vandorunnep.hu\/index.php\/wp-json\/wp\/v2\/pages\/112","targetHints":{"allow":["GET"]}}],"collection":[{"href":"https:\/\/vandorunnep.hu\/index.php\/wp-json\/wp\/v2\/pages"}],"about":[{"href":"https:\/\/vandorunnep.hu\/index.php\/wp-json\/wp\/v2\/types\/page"}],"author":[{"embeddable":true,"href":"https:\/\/vandorunnep.hu\/index.php\/wp-json\/wp\/v2\/users\/1"}],"replies":[{"embeddable":true,"href":"https:\/\/vandorunnep.hu\/index.php\/wp-json\/wp\/v2\/comments?post=112"}],"version-history":[{"count":7,"href":"https:\/\/vandorunnep.hu\/index.php\/wp-json\/wp\/v2\/pages\/112\/revisions"}],"predecessor-version":[{"id":256,"href":"https:\/\/vandorunnep.hu\/index.php\/wp-json\/wp\/v2\/pages\/112\/revisions\/256"}],"up":[{"embeddable":true,"href":"https:\/\/vandorunnep.hu\/index.php\/wp-json\/wp\/v2\/pages\/90"}],"wp:attachment":[{"href":"https:\/\/vandorunnep.hu\/index.php\/wp-json\/wp\/v2\/media?parent=112"}],"curies":[{"name":"wp","href":"https:\/\/api.w.org\/{rel}","templated":true}]}}