{"id":133,"date":"2024-07-30T14:06:23","date_gmt":"2024-07-30T14:06:23","guid":{"rendered":"https:\/\/vandorunnep.hu\/?page_id=133"},"modified":"2024-08-01T13:36:01","modified_gmt":"2024-08-01T13:36:01","slug":"paprika-jancsi-csuzlizdaja","status":"publish","type":"page","link":"https:\/\/vandorunnep.hu\/index.php\/vandorunnep\/vasari-mutatvanyok\/paprika-jancsi-csuzlizdaja\/","title":{"rendered":"PAPRIKA  JANCSI  CS\u00daZLIZD\u00c1JA"},"content":{"rendered":"\t\t<div data-elementor-type=\"wp-page\" data-elementor-id=\"133\" class=\"elementor elementor-133\">\n\t\t\t\t<div class=\"elementor-element elementor-element-1ef642d e-grid e-con-boxed e-con e-parent\" data-id=\"1ef642d\" data-element_type=\"container\">\n\t\t\t\t\t<div class=\"e-con-inner\">\n\t\t\t\t<div class=\"elementor-element elementor-element-3381e0d elementor-widget elementor-widget-image-gallery\" data-id=\"3381e0d\" data-element_type=\"widget\" data-widget_type=\"image-gallery.default\">\n\t\t\t\t<div class=\"elementor-widget-container\">\n\t\t\t\t\t\t\t<div class=\"elementor-image-gallery\">\n\t\t\t<div id='gallery-1' class='gallery galleryid-133 gallery-columns-1 gallery-size-full'><figure class='gallery-item'>\n\t\t\t<div class='gallery-icon landscape'>\n\t\t\t\t<a data-elementor-open-lightbox=\"yes\" data-elementor-lightbox-slideshow=\"3381e0d\" data-elementor-lightbox-title=\"Cs\u00fazlizda C\u00c9G\u00c9R\" data-e-action-hash=\"#elementor-action%3Aaction%3Dlightbox%26settings%3DeyJpZCI6MTM1LCJ1cmwiOiJodHRwczpcL1wvdmFuZG9ydW5uZXAuaHVcL3dwLWNvbnRlbnRcL3VwbG9hZHNcLzIwMjRcLzA3XC9Dc3V6bGl6ZGEtQ0VHRVItc2NhbGVkLmpwZyIsInNsaWRlc2hvdyI6IjMzODFlMGQifQ%3D%3D\" href='https:\/\/vandorunnep.hu\/wp-content\/uploads\/2024\/07\/Csuzlizda-CEGER-scaled.jpg'><img fetchpriority=\"high\" decoding=\"async\" width=\"2560\" height=\"1706\" src=\"https:\/\/vandorunnep.hu\/wp-content\/uploads\/2024\/07\/Csuzlizda-CEGER-scaled.jpg\" class=\"attachment-full size-full\" alt=\"\" srcset=\"https:\/\/vandorunnep.hu\/wp-content\/uploads\/2024\/07\/Csuzlizda-CEGER-scaled.jpg 2560w, https:\/\/vandorunnep.hu\/wp-content\/uploads\/2024\/07\/Csuzlizda-CEGER-300x200.jpg 300w, https:\/\/vandorunnep.hu\/wp-content\/uploads\/2024\/07\/Csuzlizda-CEGER-1024x683.jpg 1024w, https:\/\/vandorunnep.hu\/wp-content\/uploads\/2024\/07\/Csuzlizda-CEGER-768x512.jpg 768w, https:\/\/vandorunnep.hu\/wp-content\/uploads\/2024\/07\/Csuzlizda-CEGER-1536x1024.jpg 1536w, https:\/\/vandorunnep.hu\/wp-content\/uploads\/2024\/07\/Csuzlizda-CEGER-2048x1365.jpg 2048w, https:\/\/vandorunnep.hu\/wp-content\/uploads\/2024\/07\/Csuzlizda-CEGER-1140x760.jpg 1140w\" sizes=\"(max-width: 2560px) 100vw, 2560px\" \/><\/a>\n\t\t\t<\/div><\/figure>\n\t\t<\/div>\n\t\t<\/div>\n\t\t\t\t\t\t<\/div>\n\t\t\t\t<\/div>\n\t\t\t\t<div class=\"elementor-element elementor-element-54555f0 elementor-widget elementor-widget-text-editor\" data-id=\"54555f0\" data-element_type=\"widget\" data-widget_type=\"text-editor.default\">\n\t\t\t\t<div class=\"elementor-widget-container\">\n\t\t\t\t\t\t\t\t\t<h2><strong>Paprika Jancsi Cs\u00fazlizd\u00e1ja<\/strong><\/h2><p><strong>Paprika Jancsi Cs\u00fazlizd\u00e1j\u00e1nak<\/strong> k\u00e9pei, sz\u00f6veges ismertet\u0151je m\u00e9g v\u00e1rat mag\u00e1ra. \u00cdgy, ebben a form\u00e1ban illusztr\u00e1ci\u00f3 ez a bejegyz\u00e9s, hogy lehessen \u00e9rz\u00e9kelni, mire is volna itt sz\u00fcks\u00e9g.<\/p>\t\t\t\t\t\t\t\t<\/div>\n\t\t\t\t<\/div>\n\t\t\t\t\t<\/div>\n\t\t\t\t<\/div>\n\t\t\t\t<\/div>\n\t\t","protected":false},"excerpt":{"rendered":"<p>Paprika Jancsi Cs\u00fazlizd\u00e1ja Paprika Jancsi Cs\u00fazlizd\u00e1j\u00e1nak k\u00e9pei, sz\u00f6veges ismertet\u0151je m\u00e9g v\u00e1rat mag\u00e1ra. \u00cdgy, ebben a form\u00e1ban illusztr\u00e1ci\u00f3 ez a bejegyz\u00e9s,<span class=\"more-dots\">&#8230;<\/span><\/p>\n","protected":false},"author":1,"featured_media":0,"parent":76,"menu_order":1,"comment_status":"closed","ping_status":"closed","template":"","meta":{"footnotes":""},"class_list":["post-133","page","type-page","status-publish","hentry","no-post-thumbnail"],"_links":{"self":[{"href":"https:\/\/vandorunnep.hu\/index.php\/wp-json\/wp\/v2\/pages\/133","targetHints":{"allow":["GET"]}}],"collection":[{"href":"https:\/\/vandorunnep.hu\/index.php\/wp-json\/wp\/v2\/pages"}],"about":[{"href":"https:\/\/vandorunnep.hu\/index.php\/wp-json\/wp\/v2\/types\/page"}],"author":[{"embeddable":true,"href":"https:\/\/vandorunnep.hu\/index.php\/wp-json\/wp\/v2\/users\/1"}],"replies":[{"embeddable":true,"href":"https:\/\/vandorunnep.hu\/index.php\/wp-json\/wp\/v2\/comments?post=133"}],"version-history":[{"count":7,"href":"https:\/\/vandorunnep.hu\/index.php\/wp-json\/wp\/v2\/pages\/133\/revisions"}],"predecessor-version":[{"id":221,"href":"https:\/\/vandorunnep.hu\/index.php\/wp-json\/wp\/v2\/pages\/133\/revisions\/221"}],"up":[{"embeddable":true,"href":"https:\/\/vandorunnep.hu\/index.php\/wp-json\/wp\/v2\/pages\/76"}],"wp:attachment":[{"href":"https:\/\/vandorunnep.hu\/index.php\/wp-json\/wp\/v2\/media?parent=133"}],"curies":[{"name":"wp","href":"https:\/\/api.w.org\/{rel}","templated":true}]}}