{"id":139,"date":"2024-07-30T14:14:21","date_gmt":"2024-07-30T14:14:21","guid":{"rendered":"https:\/\/vandorunnep.hu\/?page_id=139"},"modified":"2024-08-03T09:28:12","modified_gmt":"2024-08-03T09:28:12","slug":"kosaras-korhintak","status":"publish","type":"page","link":"https:\/\/vandorunnep.hu\/index.php\/vandorunnep\/vasari-mutatvanyok\/kosaras-korhintak\/","title":{"rendered":"KOSARAS  K\u00d6RHINT\u00c1K"},"content":{"rendered":"\t\t<div data-elementor-type=\"wp-page\" data-elementor-id=\"139\" class=\"elementor elementor-139\">\n\t\t\t\t<div class=\"elementor-element elementor-element-ab68158 e-grid e-con-boxed e-con e-parent\" data-id=\"ab68158\" data-element_type=\"container\">\n\t\t\t\t\t<div class=\"e-con-inner\">\n\t\t\t\t<div class=\"elementor-element elementor-element-fa16d3e gallery-spacing-custom elementor-widget elementor-widget-image-gallery\" data-id=\"fa16d3e\" data-element_type=\"widget\" data-widget_type=\"image-gallery.default\">\n\t\t\t\t<div class=\"elementor-widget-container\">\n\t\t\t\t\t\t\t<div class=\"elementor-image-gallery\">\n\t\t\t<div id='gallery-1' class='gallery galleryid-139 gallery-columns-2 gallery-size-full'><figure class='gallery-item'>\n\t\t\t<div class='gallery-icon landscape'>\n\t\t\t\t<a data-elementor-open-lightbox=\"yes\" data-elementor-lightbox-slideshow=\"fa16d3e\" data-elementor-lightbox-title=\"20 Kos\u00e1r \u00e9s nyal\u00f3ka\" data-e-action-hash=\"#elementor-action%3Aaction%3Dlightbox%26settings%3DeyJpZCI6MTQxLCJ1cmwiOiJodHRwczpcL1wvdmFuZG9ydW5uZXAuaHVcL3dwLWNvbnRlbnRcL3VwbG9hZHNcLzIwMjRcLzA3XC8yMC1Lb3Nhci1lcy1ueWFsb2thLXNjYWxlZC5qcGciLCJzbGlkZXNob3ciOiJmYTE2ZDNlIn0%3D\" href='https:\/\/vandorunnep.hu\/wp-content\/uploads\/2024\/07\/20-Kosar-es-nyaloka-scaled.jpg'><img fetchpriority=\"high\" decoding=\"async\" width=\"2560\" height=\"1707\" src=\"https:\/\/vandorunnep.hu\/wp-content\/uploads\/2024\/07\/20-Kosar-es-nyaloka-scaled.jpg\" class=\"attachment-full size-full\" alt=\"\" srcset=\"https:\/\/vandorunnep.hu\/wp-content\/uploads\/2024\/07\/20-Kosar-es-nyaloka-scaled.jpg 2560w, https:\/\/vandorunnep.hu\/wp-content\/uploads\/2024\/07\/20-Kosar-es-nyaloka-300x200.jpg 300w, https:\/\/vandorunnep.hu\/wp-content\/uploads\/2024\/07\/20-Kosar-es-nyaloka-1024x683.jpg 1024w, https:\/\/vandorunnep.hu\/wp-content\/uploads\/2024\/07\/20-Kosar-es-nyaloka-768x512.jpg 768w, https:\/\/vandorunnep.hu\/wp-content\/uploads\/2024\/07\/20-Kosar-es-nyaloka-1536x1024.jpg 1536w, https:\/\/vandorunnep.hu\/wp-content\/uploads\/2024\/07\/20-Kosar-es-nyaloka-2048x1365.jpg 2048w, https:\/\/vandorunnep.hu\/wp-content\/uploads\/2024\/07\/20-Kosar-es-nyaloka-1140x760.jpg 1140w\" sizes=\"(max-width: 2560px) 100vw, 2560px\" \/><\/a>\n\t\t\t<\/div><\/figure><figure class='gallery-item'>\n\t\t\t<div class='gallery-icon landscape'>\n\t\t\t\t<a data-elementor-open-lightbox=\"yes\" data-elementor-lightbox-slideshow=\"fa16d3e\" data-elementor-lightbox-title=\"22 Banyaforg\u00f3 Gyereknapon\" data-e-action-hash=\"#elementor-action%3Aaction%3Dlightbox%26settings%3DeyJpZCI6MTQyLCJ1cmwiOiJodHRwczpcL1wvdmFuZG9ydW5uZXAuaHVcL3dwLWNvbnRlbnRcL3VwbG9hZHNcLzIwMjRcLzA3XC8yMi1CYW55YWZvcmdvLUd5ZXJla25hcG9uLXNjYWxlZC5qcGciLCJzbGlkZXNob3ciOiJmYTE2ZDNlIn0%3D\" href='https:\/\/vandorunnep.hu\/wp-content\/uploads\/2024\/07\/22-Banyaforgo-Gyereknapon-scaled.jpg'><img decoding=\"async\" width=\"2560\" height=\"1707\" src=\"https:\/\/vandorunnep.hu\/wp-content\/uploads\/2024\/07\/22-Banyaforgo-Gyereknapon-scaled.jpg\" class=\"attachment-full size-full\" alt=\"\" srcset=\"https:\/\/vandorunnep.hu\/wp-content\/uploads\/2024\/07\/22-Banyaforgo-Gyereknapon-scaled.jpg 2560w, https:\/\/vandorunnep.hu\/wp-content\/uploads\/2024\/07\/22-Banyaforgo-Gyereknapon-300x200.jpg 300w, https:\/\/vandorunnep.hu\/wp-content\/uploads\/2024\/07\/22-Banyaforgo-Gyereknapon-1024x683.jpg 1024w, https:\/\/vandorunnep.hu\/wp-content\/uploads\/2024\/07\/22-Banyaforgo-Gyereknapon-768x512.jpg 768w, https:\/\/vandorunnep.hu\/wp-content\/uploads\/2024\/07\/22-Banyaforgo-Gyereknapon-1536x1024.jpg 1536w, https:\/\/vandorunnep.hu\/wp-content\/uploads\/2024\/07\/22-Banyaforgo-Gyereknapon-2048x1365.jpg 2048w, https:\/\/vandorunnep.hu\/wp-content\/uploads\/2024\/07\/22-Banyaforgo-Gyereknapon-1140x760.jpg 1140w\" sizes=\"(max-width: 2560px) 100vw, 2560px\" \/><\/a>\n\t\t\t<\/div><\/figure><figure class='gallery-item'>\n\t\t\t<div class='gallery-icon landscape'>\n\t\t\t\t<a data-elementor-open-lightbox=\"yes\" data-elementor-lightbox-slideshow=\"fa16d3e\" data-elementor-lightbox-title=\"50 Nyolckaros k\u00f6rhinta\" data-e-action-hash=\"#elementor-action%3Aaction%3Dlightbox%26settings%3DeyJpZCI6MTQzLCJ1cmwiOiJodHRwczpcL1wvdmFuZG9ydW5uZXAuaHVcL3dwLWNvbnRlbnRcL3VwbG9hZHNcLzIwMjRcLzA3XC81MC1OeW9sY2thcm9zLWtvcmhpbnRhLmpwZyIsInNsaWRlc2hvdyI6ImZhMTZkM2UifQ%3D%3D\" href='https:\/\/vandorunnep.hu\/wp-content\/uploads\/2024\/07\/50-Nyolckaros-korhinta.jpg'><img decoding=\"async\" width=\"1417\" height=\"949\" src=\"https:\/\/vandorunnep.hu\/wp-content\/uploads\/2024\/07\/50-Nyolckaros-korhinta.jpg\" class=\"attachment-full size-full\" alt=\"\" srcset=\"https:\/\/vandorunnep.hu\/wp-content\/uploads\/2024\/07\/50-Nyolckaros-korhinta.jpg 1417w, https:\/\/vandorunnep.hu\/wp-content\/uploads\/2024\/07\/50-Nyolckaros-korhinta-300x201.jpg 300w, https:\/\/vandorunnep.hu\/wp-content\/uploads\/2024\/07\/50-Nyolckaros-korhinta-1024x686.jpg 1024w, https:\/\/vandorunnep.hu\/wp-content\/uploads\/2024\/07\/50-Nyolckaros-korhinta-768x514.jpg 768w, https:\/\/vandorunnep.hu\/wp-content\/uploads\/2024\/07\/50-Nyolckaros-korhinta-1140x763.jpg 1140w\" sizes=\"(max-width: 1417px) 100vw, 1417px\" \/><\/a>\n\t\t\t<\/div><\/figure><figure class='gallery-item'>\n\t\t\t<div class='gallery-icon landscape'>\n\t\t\t\t<a data-elementor-open-lightbox=\"yes\" data-elementor-lightbox-slideshow=\"fa16d3e\" data-elementor-lightbox-title=\"55 Palmetta-mint\u00e1s k\u00f6rhinta a Skanzenban\" data-e-action-hash=\"#elementor-action%3Aaction%3Dlightbox%26settings%3DeyJpZCI6MTQ0LCJ1cmwiOiJodHRwczpcL1wvdmFuZG9ydW5uZXAuaHVcL3dwLWNvbnRlbnRcL3VwbG9hZHNcLzIwMjRcLzA3XC81NS1QYWxtZXR0YS1taW50YXMta29yaGludGEtYS1Ta2FuemVuYmFuLXNjYWxlZC5qcGciLCJzbGlkZXNob3ciOiJmYTE2ZDNlIn0%3D\" href='https:\/\/vandorunnep.hu\/wp-content\/uploads\/2024\/07\/55-Palmetta-mintas-korhinta-a-Skanzenban-scaled.jpg'><img loading=\"lazy\" decoding=\"async\" width=\"2560\" height=\"1707\" src=\"https:\/\/vandorunnep.hu\/wp-content\/uploads\/2024\/07\/55-Palmetta-mintas-korhinta-a-Skanzenban-scaled.jpg\" class=\"attachment-full size-full\" alt=\"\" srcset=\"https:\/\/vandorunnep.hu\/wp-content\/uploads\/2024\/07\/55-Palmetta-mintas-korhinta-a-Skanzenban-scaled.jpg 2560w, https:\/\/vandorunnep.hu\/wp-content\/uploads\/2024\/07\/55-Palmetta-mintas-korhinta-a-Skanzenban-300x200.jpg 300w, https:\/\/vandorunnep.hu\/wp-content\/uploads\/2024\/07\/55-Palmetta-mintas-korhinta-a-Skanzenban-1024x683.jpg 1024w, https:\/\/vandorunnep.hu\/wp-content\/uploads\/2024\/07\/55-Palmetta-mintas-korhinta-a-Skanzenban-768x512.jpg 768w, https:\/\/vandorunnep.hu\/wp-content\/uploads\/2024\/07\/55-Palmetta-mintas-korhinta-a-Skanzenban-1536x1024.jpg 1536w, https:\/\/vandorunnep.hu\/wp-content\/uploads\/2024\/07\/55-Palmetta-mintas-korhinta-a-Skanzenban-2048x1365.jpg 2048w, https:\/\/vandorunnep.hu\/wp-content\/uploads\/2024\/07\/55-Palmetta-mintas-korhinta-a-Skanzenban-1140x760.jpg 1140w\" sizes=\"(max-width: 2560px) 100vw, 2560px\" \/><\/a>\n\t\t\t<\/div><\/figure><figure class='gallery-item'>\n\t\t\t<div class='gallery-icon landscape'>\n\t\t\t\t<a data-elementor-open-lightbox=\"yes\" data-elementor-lightbox-slideshow=\"fa16d3e\" data-elementor-lightbox-title=\"60 Banyaforg\u00f3 Kar\u00e1csonyi v\u00e1s\u00e1rban\" data-e-action-hash=\"#elementor-action%3Aaction%3Dlightbox%26settings%3DeyJpZCI6MTQ1LCJ1cmwiOiJodHRwczpcL1wvdmFuZG9ydW5uZXAuaHVcL3dwLWNvbnRlbnRcL3VwbG9hZHNcLzIwMjRcLzA3XC82MC1CYW55YWZvcmdvLUthcmFjc29ueWktdmFzYXJiYW4tc2NhbGVkLmpwZyIsInNsaWRlc2hvdyI6ImZhMTZkM2UifQ%3D%3D\" href='https:\/\/vandorunnep.hu\/wp-content\/uploads\/2024\/07\/60-Banyaforgo-Karacsonyi-vasarban-scaled.jpg'><img loading=\"lazy\" decoding=\"async\" width=\"2560\" height=\"1707\" src=\"https:\/\/vandorunnep.hu\/wp-content\/uploads\/2024\/07\/60-Banyaforgo-Karacsonyi-vasarban-scaled.jpg\" class=\"attachment-full size-full\" alt=\"\" srcset=\"https:\/\/vandorunnep.hu\/wp-content\/uploads\/2024\/07\/60-Banyaforgo-Karacsonyi-vasarban-scaled.jpg 2560w, https:\/\/vandorunnep.hu\/wp-content\/uploads\/2024\/07\/60-Banyaforgo-Karacsonyi-vasarban-300x200.jpg 300w, https:\/\/vandorunnep.hu\/wp-content\/uploads\/2024\/07\/60-Banyaforgo-Karacsonyi-vasarban-1024x683.jpg 1024w, https:\/\/vandorunnep.hu\/wp-content\/uploads\/2024\/07\/60-Banyaforgo-Karacsonyi-vasarban-768x512.jpg 768w, https:\/\/vandorunnep.hu\/wp-content\/uploads\/2024\/07\/60-Banyaforgo-Karacsonyi-vasarban-1536x1024.jpg 1536w, https:\/\/vandorunnep.hu\/wp-content\/uploads\/2024\/07\/60-Banyaforgo-Karacsonyi-vasarban-2048x1365.jpg 2048w, https:\/\/vandorunnep.hu\/wp-content\/uploads\/2024\/07\/60-Banyaforgo-Karacsonyi-vasarban-1140x760.jpg 1140w\" sizes=\"(max-width: 2560px) 100vw, 2560px\" \/><\/a>\n\t\t\t<\/div><\/figure>\n\t\t<\/div>\n\t\t<\/div>\n\t\t\t\t\t\t<\/div>\n\t\t\t\t<\/div>\n\t\t\t\t<div class=\"elementor-element elementor-element-27c8cc2 elementor-widget elementor-widget-text-editor\" data-id=\"27c8cc2\" data-element_type=\"widget\" data-widget_type=\"text-editor.default\">\n\t\t\t\t<div class=\"elementor-widget-container\">\n\t\t\t\t\t\t\t\t\t<h2><strong>Kosaras k\u00f6rhint\u00e1k<\/strong><\/h2><p>A napjainkban falunapokon, v\u00e1s\u00e1ri forgatagokban l\u00e1that\u00f3 kosaras k\u00f6rhint\u00e1k els\u0151 p\u00e9ld\u00e1nyait a <strong>L\u00e1dafia B\u00e1bsz\u00ednh\u00e1z L\u00e1dafia M\u0171helye<\/strong> alkotta 2002 \u00e9s 2005 k\u00f6z\u00f6tt. Az els\u0151 c\u00e9l a f\u00fcggetlens\u00e9g volt, hogy olyan helyen is lehessen k\u00f6rhint\u00e1zni, ahol nincs \u00e1ram. A m\u00e1sodik c\u00e9l, hogy mez\u0151k, r\u00e9tek k\u00f6zep\u00e9re, mint forg\u00f3 \u00e9letf\u00e1k ker\u00fcljenek, \u00e1gaikon cs\u00fcngetve a j\u00f6v\u0151 nemzed\u00e9keket. Harmadik c\u00e9l pedig, hogy ez\u00e9rt az \u00e9lm\u00e9ny\u00e9rt a gyermekes sz\u00fcl\u0151knek ne kelljen fizetnie. Vend\u00e9gei lehessenek a rendezv\u00e9nyeknek.<\/p><p>A \u00a0<strong>L\u00e1dafia B\u00e1bsz\u00ednh\u00e1z <\/strong>a kosaras k\u00f6rhint\u00e1it a mai napig ezen elvek szerint m\u0171k\u00f6dteti.<\/p><p><b>N\u00e9der Norbert<\/b><\/p>\t\t\t\t\t\t\t\t<\/div>\n\t\t\t\t<\/div>\n\t\t\t\t\t<\/div>\n\t\t\t\t<\/div>\n\t\t<div class=\"elementor-element elementor-element-cdb93ba e-flex e-con-boxed e-con e-parent\" data-id=\"cdb93ba\" data-element_type=\"container\">\n\t\t\t\t\t<div class=\"e-con-inner\">\n\t\t\t\t<div class=\"elementor-element elementor-element-ecf1f71 elementor-shape-rounded elementor-grid-0 e-grid-align-center elementor-widget elementor-widget-social-icons\" data-id=\"ecf1f71\" data-element_type=\"widget\" data-widget_type=\"social-icons.default\">\n\t\t\t\t<div class=\"elementor-widget-container\">\n\t\t\t\t\t\t\t<div class=\"elementor-social-icons-wrapper elementor-grid\">\n\t\t\t\t\t\t\t<span class=\"elementor-grid-item\">\n\t\t\t\t\t<a class=\"elementor-icon elementor-social-icon elementor-social-icon-wordpress elementor-repeater-item-fb78488\" href=\"http:\/\/www.ladafiababszinhaz.hu\" target=\"_blank\">\n\t\t\t\t\t\t<span class=\"elementor-screen-only\">WordPress<\/span>\n\t\t\t\t\t\t<svg class=\"e-font-icon-svg e-fab-wordpress\" viewBox=\"0 0 512 512\" xmlns=\"http:\/\/www.w3.org\/2000\/svg\"><path d=\"M61.7 169.4l101.5 278C92.2 413 43.3 340.2 43.3 256c0-30.9 6.6-60.1 18.4-86.6zm337.9 75.9c0-26.3-9.4-44.5-17.5-58.7-10.8-17.5-20.9-32.4-20.9-49.9 0-19.6 14.8-37.8 35.7-37.8.9 0 1.8.1 2.8.2-37.9-34.7-88.3-55.9-143.7-55.9-74.3 0-139.7 38.1-177.8 95.9 5 .2 9.7.3 13.7.3 22.2 0 56.7-2.7 56.7-2.7 11.5-.7 12.8 16.2 1.4 17.5 0 0-11.5 1.3-24.3 2l77.5 230.4L249.8 247l-33.1-90.8c-11.5-.7-22.3-2-22.3-2-11.5-.7-10.1-18.2 1.3-17.5 0 0 35.1 2.7 56 2.7 22.2 0 56.7-2.7 56.7-2.7 11.5-.7 12.8 16.2 1.4 17.5 0 0-11.5 1.3-24.3 2l76.9 228.7 21.2-70.9c9-29.4 16-50.5 16-68.7zm-139.9 29.3l-63.8 185.5c19.1 5.6 39.2 8.7 60.1 8.7 24.8 0 48.5-4.3 70.6-12.1-.6-.9-1.1-1.9-1.5-2.9l-65.4-179.2zm183-120.7c.9 6.8 1.4 14 1.4 21.9 0 21.6-4 45.8-16.2 76.2l-65 187.9C426.2 403 468.7 334.5 468.7 256c0-37-9.4-71.8-26-102.1zM504 256c0 136.8-111.3 248-248 248C119.2 504 8 392.7 8 256 8 119.2 119.2 8 256 8c136.7 0 248 111.2 248 248zm-11.4 0c0-130.5-106.2-236.6-236.6-236.6C125.5 19.4 19.4 125.5 19.4 256S125.6 492.6 256 492.6c130.5 0 236.6-106.1 236.6-236.6z\"><\/path><\/svg>\t\t\t\t\t<\/a>\n\t\t\t\t<\/span>\n\t\t\t\t\t\t\t<span class=\"elementor-grid-item\">\n\t\t\t\t\t<a class=\"elementor-icon elementor-social-icon elementor-social-icon-facebook elementor-repeater-item-45bd5b5\" href=\"https:\/\/www.facebook.com\/ladafiababszinhaz\" target=\"_blank\">\n\t\t\t\t\t\t<span class=\"elementor-screen-only\">Facebook<\/span>\n\t\t\t\t\t\t<svg class=\"e-font-icon-svg e-fab-facebook\" viewBox=\"0 0 512 512\" xmlns=\"http:\/\/www.w3.org\/2000\/svg\"><path d=\"M504 256C504 119 393 8 256 8S8 119 8 256c0 123.78 90.69 226.38 209.25 245V327.69h-63V256h63v-54.64c0-62.15 37-96.48 93.67-96.48 27.14 0 55.52 4.84 55.52 4.84v61h-31.28c-30.8 0-40.41 19.12-40.41 38.73V256h68.78l-11 71.69h-57.78V501C413.31 482.38 504 379.78 504 256z\"><\/path><\/svg>\t\t\t\t\t<\/a>\n\t\t\t\t<\/span>\n\t\t\t\t\t\t\t<span class=\"elementor-grid-item\">\n\t\t\t\t\t<a class=\"elementor-icon elementor-social-icon elementor-social-icon-instagram elementor-repeater-item-ff3ccaa\" href=\"https:\/\/www.instagram.com\/ladafia_babszinhaz20\/\" target=\"_blank\">\n\t\t\t\t\t\t<span class=\"elementor-screen-only\">Instagram<\/span>\n\t\t\t\t\t\t<svg class=\"e-font-icon-svg e-fab-instagram\" viewBox=\"0 0 448 512\" xmlns=\"http:\/\/www.w3.org\/2000\/svg\"><path d=\"M224.1 141c-63.6 0-114.9 51.3-114.9 114.9s51.3 114.9 114.9 114.9S339 319.5 339 255.9 287.7 141 224.1 141zm0 189.6c-41.1 0-74.7-33.5-74.7-74.7s33.5-74.7 74.7-74.7 74.7 33.5 74.7 74.7-33.6 74.7-74.7 74.7zm146.4-194.3c0 14.9-12 26.8-26.8 26.8-14.9 0-26.8-12-26.8-26.8s12-26.8 26.8-26.8 26.8 12 26.8 26.8zm76.1 27.2c-1.7-35.9-9.9-67.7-36.2-93.9-26.2-26.2-58-34.4-93.9-36.2-37-2.1-147.9-2.1-184.9 0-35.8 1.7-67.6 9.9-93.9 36.1s-34.4 58-36.2 93.9c-2.1 37-2.1 147.9 0 184.9 1.7 35.9 9.9 67.7 36.2 93.9s58 34.4 93.9 36.2c37 2.1 147.9 2.1 184.9 0 35.9-1.7 67.7-9.9 93.9-36.2 26.2-26.2 34.4-58 36.2-93.9 2.1-37 2.1-147.8 0-184.8zM398.8 388c-7.8 19.6-22.9 34.7-42.6 42.6-29.5 11.7-99.5 9-132.1 9s-102.7 2.6-132.1-9c-19.6-7.8-34.7-22.9-42.6-42.6-11.7-29.5-9-99.5-9-132.1s-2.6-102.7 9-132.1c7.8-19.6 22.9-34.7 42.6-42.6 29.5-11.7 99.5-9 132.1-9s102.7-2.6 132.1 9c19.6 7.8 34.7 22.9 42.6 42.6 11.7 29.5 9 99.5 9 132.1s2.7 102.7-9 132.1z\"><\/path><\/svg>\t\t\t\t\t<\/a>\n\t\t\t\t<\/span>\n\t\t\t\t\t<\/div>\n\t\t\t\t\t\t<\/div>\n\t\t\t\t<\/div>\n\t\t\t\t\t<\/div>\n\t\t\t\t<\/div>\n\t\t<div class=\"elementor-element elementor-element-ed48de4 e-flex e-con-boxed e-con e-parent\" data-id=\"ed48de4\" data-element_type=\"container\">\n\t\t\t\t\t<div class=\"e-con-inner\">\n\t\t\t\t<div class=\"elementor-element elementor-element-b509659 elementor-widget elementor-widget-google_maps\" data-id=\"b509659\" data-element_type=\"widget\" data-widget_type=\"google_maps.default\">\n\t\t\t\t<div class=\"elementor-widget-container\">\n\t\t\t\t\t\t\t<div class=\"elementor-custom-embed\">\n\t\t\t<iframe loading=\"lazy\"\n\t\t\t\t\tsrc=\"https:\/\/maps.google.com\/maps?q=Biatorb%C3%A1gy&#038;t=m&#038;z=11&#038;output=embed&#038;iwloc=near\"\n\t\t\t\t\ttitle=\"Biatorb\u00e1gy\"\n\t\t\t\t\taria-label=\"Biatorb\u00e1gy\"\n\t\t\t><\/iframe>\n\t\t<\/div>\n\t\t\t\t\t\t<\/div>\n\t\t\t\t<\/div>\n\t\t\t\t\t<\/div>\n\t\t\t\t<\/div>\n\t\t\t\t<\/div>\n\t\t","protected":false},"excerpt":{"rendered":"<p>Kosaras k\u00f6rhint\u00e1k A napjainkban falunapokon, v\u00e1s\u00e1ri forgatagokban l\u00e1that\u00f3 kosaras k\u00f6rhint\u00e1k els\u0151 p\u00e9ld\u00e1nyait a L\u00e1dafia B\u00e1bsz\u00ednh\u00e1z L\u00e1dafia M\u0171helye alkotta 2002 \u00e9s<span class=\"more-dots\">&#8230;<\/span><\/p>\n","protected":false},"author":1,"featured_media":0,"parent":76,"menu_order":2,"comment_status":"closed","ping_status":"closed","template":"","meta":{"footnotes":""},"class_list":["post-139","page","type-page","status-publish","hentry","no-post-thumbnail"],"_links":{"self":[{"href":"https:\/\/vandorunnep.hu\/index.php\/wp-json\/wp\/v2\/pages\/139","targetHints":{"allow":["GET"]}}],"collection":[{"href":"https:\/\/vandorunnep.hu\/index.php\/wp-json\/wp\/v2\/pages"}],"about":[{"href":"https:\/\/vandorunnep.hu\/index.php\/wp-json\/wp\/v2\/types\/page"}],"author":[{"embeddable":true,"href":"https:\/\/vandorunnep.hu\/index.php\/wp-json\/wp\/v2\/users\/1"}],"replies":[{"embeddable":true,"href":"https:\/\/vandorunnep.hu\/index.php\/wp-json\/wp\/v2\/comments?post=139"}],"version-history":[{"count":13,"href":"https:\/\/vandorunnep.hu\/index.php\/wp-json\/wp\/v2\/pages\/139\/revisions"}],"predecessor-version":[{"id":306,"href":"https:\/\/vandorunnep.hu\/index.php\/wp-json\/wp\/v2\/pages\/139\/revisions\/306"}],"up":[{"embeddable":true,"href":"https:\/\/vandorunnep.hu\/index.php\/wp-json\/wp\/v2\/pages\/76"}],"wp:attachment":[{"href":"https:\/\/vandorunnep.hu\/index.php\/wp-json\/wp\/v2\/media?parent=139"}],"curies":[{"name":"wp","href":"https:\/\/api.w.org\/{rel}","templated":true}]}}