{"id":14,"date":"2024-07-29T16:10:17","date_gmt":"2024-07-29T16:10:17","guid":{"rendered":"https:\/\/vandorunnep.hu\/?page_id=14"},"modified":"2024-08-08T17:00:46","modified_gmt":"2024-08-08T17:00:46","slug":"vandorunnep","status":"publish","type":"page","link":"https:\/\/vandorunnep.hu\/","title":{"rendered":"V\u00e1ndor\u00fcnnep"},"content":{"rendered":"\t\t<div data-elementor-type=\"wp-page\" data-elementor-id=\"14\" class=\"elementor elementor-14\">\n\t\t\t\t<div class=\"elementor-element elementor-element-d3b0a36 e-flex e-con-boxed e-con e-parent\" data-id=\"d3b0a36\" data-element_type=\"container\">\n\t\t\t\t\t<div class=\"e-con-inner\">\n\t\t\t\t<div class=\"elementor-element elementor-element-a7c3478 elementor-widget elementor-widget-image\" data-id=\"a7c3478\" data-element_type=\"widget\" data-widget_type=\"image.default\">\n\t\t\t\t<div class=\"elementor-widget-container\">\n\t\t\t\t\t\t\t\t\t\t\t\t\t\t\t<img fetchpriority=\"high\" decoding=\"async\" width=\"1024\" height=\"386\" src=\"https:\/\/vandorunnep.hu\/wp-content\/uploads\/2024\/08\/Vandorunnep-HONLAP-fejlec-5-1024x386.jpg\" class=\"attachment-large size-large wp-image-208\" alt=\"\" srcset=\"https:\/\/vandorunnep.hu\/wp-content\/uploads\/2024\/08\/Vandorunnep-HONLAP-fejlec-5-1024x386.jpg 1024w, https:\/\/vandorunnep.hu\/wp-content\/uploads\/2024\/08\/Vandorunnep-HONLAP-fejlec-5-300x113.jpg 300w, https:\/\/vandorunnep.hu\/wp-content\/uploads\/2024\/08\/Vandorunnep-HONLAP-fejlec-5-768x290.jpg 768w, https:\/\/vandorunnep.hu\/wp-content\/uploads\/2024\/08\/Vandorunnep-HONLAP-fejlec-5-1536x579.jpg 1536w, https:\/\/vandorunnep.hu\/wp-content\/uploads\/2024\/08\/Vandorunnep-HONLAP-fejlec-5-2048x772.jpg 2048w, https:\/\/vandorunnep.hu\/wp-content\/uploads\/2024\/08\/Vandorunnep-HONLAP-fejlec-5-1140x430.jpg 1140w\" sizes=\"(max-width: 1024px) 100vw, 1024px\" \/>\t\t\t\t\t\t\t\t\t\t\t\t\t\t\t<\/div>\n\t\t\t\t<\/div>\n\t\t\t\t\t<\/div>\n\t\t\t\t<\/div>\n\t\t<div class=\"elementor-element elementor-element-18824a0 e-flex e-con-boxed e-con e-parent\" data-id=\"18824a0\" data-element_type=\"container\">\n\t\t\t\t\t<div class=\"e-con-inner\">\n\t\t\t\t<div class=\"elementor-element elementor-element-00441d0 elementor-widget elementor-widget-text-editor\" data-id=\"00441d0\" data-element_type=\"widget\" data-widget_type=\"text-editor.default\">\n\t\t\t\t<div class=\"elementor-widget-container\">\n\t\t\t\t\t\t\t\t\t<h3 style=\"text-align: center;\">\u00dcdv\u00f6z\u00f6lj\u00fck \u00d6n\u00f6ket a<\/h3><h1 style=\"text-align: center;\"><strong>V\u00c1NDOR\u00dcNNEP<\/strong><\/h1><h3 style=\"text-align: center;\">internetes kuck\u00f3ban!<\/h3><h3 style=\"text-align: center;\">Ez az oldal olyan sz\u00ednh\u00e1zi v\u00e1llalkoz\u00e1sokat gy\u0171jt \u00f6ssze, melyek \u00e9vtizedek \u00f3ta m\u0171k\u00f6dnek t\u00f6retlen\u00fcl a szakma elismer\u00e9s\u00e9vel, utc\u00e1kat, tereket, szabadt\u00e9ri rendezv\u00e9nyeket j\u00e1rva.<\/h3><h3 style=\"text-align: center;\">Olyan sz\u00ednh\u00e1zak, b\u00e1bsz\u00ednh\u00e1zak, \u00f3ri\u00e1sb\u00e1bos \u00e9s g\u00f3lyal\u00e1bas csapatok bemutatkoz\u00f3ja ez, melyek els\u0151sorban szabad \u00e9g alatt munk\u00e1lkodnak. De \u0150k nem csak egyszer\u0171en sz\u00ednh\u00e1zak, hanem utcai mutatv\u00e1nyok kigondol\u00f3i, \u00e9letben tart\u00f3i is. Szabadt\u00e9ri rendezv\u00e9nyek eg\u00e9sz programsor\u00e1t k\u00edn\u00e1lj\u00e1k a k\u00edv\u00e1ncsiskod\u00f3knak.<\/h3><h3 style=\"text-align: center;\">Ha itt valami felkelti \u00e9rdekl\u0151d\u00e9s\u00fcket, a k\u00edn\u00e1latokn\u00e1l konkr\u00e9t el\u00e9rhet\u0151s\u00e9geket tal\u00e1lnak, ahol b\u0151vebb t\u00e1j\u00e9koztat\u00e1st tudnak ny\u00fajtani a megsz\u00f3l\u00edtottak.<\/h3><h3 style=\"text-align: center;\">K\u00f6sz\u00f6nj\u00fck, hogy bet\u00e9rtek hozz\u00e1nk!<\/h3>\t\t\t\t\t\t\t\t<\/div>\n\t\t\t\t<\/div>\n\t\t\t\t\t<\/div>\n\t\t\t\t<\/div>\n\t\t<div class=\"elementor-element elementor-element-3b37469 e-flex e-con-boxed e-con e-parent\" data-id=\"3b37469\" data-element_type=\"container\">\n\t\t\t\t\t<div class=\"e-con-inner\">\n\t\t<div class=\"elementor-element elementor-element-333bf40 e-con-full e-flex e-con e-child\" data-id=\"333bf40\" data-element_type=\"container\">\n\t\t\t\t<div class=\"elementor-element elementor-element-fe5d872 elementor-widget elementor-widget-image\" data-id=\"fe5d872\" data-element_type=\"widget\" data-widget_type=\"image.default\">\n\t\t\t\t<div class=\"elementor-widget-container\">\n\t\t\t\t\t\t\t\t\t\t\t\t\t\t\t\t<a href=\"https:\/\/vandorunnep.hu\/index.php\/szinhazi-eloadasok\/\">\n\t\t\t\t\t\t\t<img decoding=\"async\" width=\"295\" height=\"300\" src=\"https:\/\/vandorunnep.hu\/wp-content\/uploads\/2024\/08\/10-Szinhazi-eloadasok-CD-borito-295x300.jpg\" class=\"attachment-medium size-medium wp-image-212\" alt=\"\" srcset=\"https:\/\/vandorunnep.hu\/wp-content\/uploads\/2024\/08\/10-Szinhazi-eloadasok-CD-borito-295x300.jpg 295w, https:\/\/vandorunnep.hu\/wp-content\/uploads\/2024\/08\/10-Szinhazi-eloadasok-CD-borito-1007x1024.jpg 1007w, https:\/\/vandorunnep.hu\/wp-content\/uploads\/2024\/08\/10-Szinhazi-eloadasok-CD-borito-768x781.jpg 768w, https:\/\/vandorunnep.hu\/wp-content\/uploads\/2024\/08\/10-Szinhazi-eloadasok-CD-borito-841x855.jpg 841w, https:\/\/vandorunnep.hu\/wp-content\/uploads\/2024\/08\/10-Szinhazi-eloadasok-CD-borito.jpg 1397w\" sizes=\"(max-width: 295px) 100vw, 295px\" \/>\t\t\t\t\t\t\t\t<\/a>\n\t\t\t\t\t\t\t\t\t\t\t\t\t\t\t<\/div>\n\t\t\t\t<\/div>\n\t\t\t\t<div class=\"elementor-element elementor-element-2950c6c elementor-widget elementor-widget-heading\" data-id=\"2950c6c\" data-element_type=\"widget\" data-widget_type=\"heading.default\">\n\t\t\t\t<div class=\"elementor-widget-container\">\n\t\t\t\t\t<h2 class=\"elementor-heading-title elementor-size-default\"><a href=\"https:\/\/vandorunnep.hu\/index.php\/szinhazi-eloadasok\/\">Sz\u00ednh\u00e1zi el\u0151ad\u00e1sok<\/a><\/h2>\t\t\t\t<\/div>\n\t\t\t\t<\/div>\n\t\t\t\t<\/div>\n\t\t<div class=\"elementor-element elementor-element-68f390c e-con-full e-flex e-con e-child\" data-id=\"68f390c\" data-element_type=\"container\">\n\t\t\t\t<div class=\"elementor-element elementor-element-2b5ebbc elementor-widget elementor-widget-image\" data-id=\"2b5ebbc\" data-element_type=\"widget\" data-widget_type=\"image.default\">\n\t\t\t\t<div class=\"elementor-widget-container\">\n\t\t\t\t\t\t\t\t\t\t\t\t\t\t\t\t<a href=\"https:\/\/vandorunnep.hu\/index.php\/vandorunnep\/golyalabas-oriasbabos-produkciok\/\">\n\t\t\t\t\t\t\t<img decoding=\"async\" width=\"295\" height=\"300\" src=\"https:\/\/vandorunnep.hu\/wp-content\/uploads\/2024\/07\/20-Golyalabas-produkcio-CD-borito-295x300.jpg\" class=\"attachment-medium size-medium wp-image-31\" alt=\"\" srcset=\"https:\/\/vandorunnep.hu\/wp-content\/uploads\/2024\/07\/20-Golyalabas-produkcio-CD-borito-295x300.jpg 295w, https:\/\/vandorunnep.hu\/wp-content\/uploads\/2024\/07\/20-Golyalabas-produkcio-CD-borito-1007x1024.jpg 1007w, https:\/\/vandorunnep.hu\/wp-content\/uploads\/2024\/07\/20-Golyalabas-produkcio-CD-borito-768x781.jpg 768w, https:\/\/vandorunnep.hu\/wp-content\/uploads\/2024\/07\/20-Golyalabas-produkcio-CD-borito-841x855.jpg 841w, https:\/\/vandorunnep.hu\/wp-content\/uploads\/2024\/07\/20-Golyalabas-produkcio-CD-borito.jpg 1397w\" sizes=\"(max-width: 295px) 100vw, 295px\" \/>\t\t\t\t\t\t\t\t<\/a>\n\t\t\t\t\t\t\t\t\t\t\t\t\t\t\t<\/div>\n\t\t\t\t<\/div>\n\t\t\t\t<div class=\"elementor-element elementor-element-fb0bb4c elementor-widget elementor-widget-heading\" data-id=\"fb0bb4c\" data-element_type=\"widget\" data-widget_type=\"heading.default\">\n\t\t\t\t<div class=\"elementor-widget-container\">\n\t\t\t\t\t<h2 class=\"elementor-heading-title elementor-size-default\"><a href=\"https:\/\/vandorunnep.hu\/index.php\/vandorunnep\/golyalabas-oriasbabos-produkciok\/\">G\u00f3lyal\u00e1bas, \u00d3ri\u00e1sb\u00e1bos produkci\u00f3k<\/a><\/h2>\t\t\t\t<\/div>\n\t\t\t\t<\/div>\n\t\t\t\t<\/div>\n\t\t\t\t\t<\/div>\n\t\t\t\t<\/div>\n\t\t<div class=\"elementor-element elementor-element-681af2f e-flex e-con-boxed e-con e-parent\" data-id=\"681af2f\" data-element_type=\"container\">\n\t\t\t\t\t<div class=\"e-con-inner\">\n\t\t<div class=\"elementor-element elementor-element-04fad5f e-con-full e-flex e-con e-child\" data-id=\"04fad5f\" data-element_type=\"container\">\n\t\t\t\t<div class=\"elementor-element elementor-element-a60e57d elementor-widget elementor-widget-image\" data-id=\"a60e57d\" data-element_type=\"widget\" data-widget_type=\"image.default\">\n\t\t\t\t<div class=\"elementor-widget-container\">\n\t\t\t\t\t\t\t\t\t\t\t\t\t\t\t\t<a href=\"https:\/\/vandorunnep.hu\/index.php\/vandorunnep\/vasari-mutatvanyok\/\">\n\t\t\t\t\t\t\t<img loading=\"lazy\" decoding=\"async\" width=\"295\" height=\"300\" src=\"https:\/\/vandorunnep.hu\/wp-content\/uploads\/2024\/07\/30-Csuzlizda-CEGER-CD-borito-295x300.jpg\" class=\"attachment-medium size-medium wp-image-32\" alt=\"\" srcset=\"https:\/\/vandorunnep.hu\/wp-content\/uploads\/2024\/07\/30-Csuzlizda-CEGER-CD-borito-295x300.jpg 295w, https:\/\/vandorunnep.hu\/wp-content\/uploads\/2024\/07\/30-Csuzlizda-CEGER-CD-borito-1007x1024.jpg 1007w, https:\/\/vandorunnep.hu\/wp-content\/uploads\/2024\/07\/30-Csuzlizda-CEGER-CD-borito-768x781.jpg 768w, https:\/\/vandorunnep.hu\/wp-content\/uploads\/2024\/07\/30-Csuzlizda-CEGER-CD-borito-841x855.jpg 841w, https:\/\/vandorunnep.hu\/wp-content\/uploads\/2024\/07\/30-Csuzlizda-CEGER-CD-borito.jpg 1397w\" sizes=\"(max-width: 295px) 100vw, 295px\" \/>\t\t\t\t\t\t\t\t<\/a>\n\t\t\t\t\t\t\t\t\t\t\t\t\t\t\t<\/div>\n\t\t\t\t<\/div>\n\t\t\t\t<div class=\"elementor-element elementor-element-170fbd2 elementor-widget elementor-widget-heading\" data-id=\"170fbd2\" data-element_type=\"widget\" data-widget_type=\"heading.default\">\n\t\t\t\t<div class=\"elementor-widget-container\">\n\t\t\t\t\t<h2 class=\"elementor-heading-title elementor-size-default\"><a href=\"https:\/\/vandorunnep.hu\/index.php\/vandorunnep\/vasari-mutatvanyok\/\">V\u00e1s\u00e1ri mutatv\u00e1nyok<\/a><\/h2>\t\t\t\t<\/div>\n\t\t\t\t<\/div>\n\t\t\t\t<\/div>\n\t\t<div class=\"elementor-element elementor-element-30d0b4b e-con-full e-flex e-con e-child\" data-id=\"30d0b4b\" data-element_type=\"container\">\n\t\t\t\t<div class=\"elementor-element elementor-element-a071cf4 elementor-widget elementor-widget-image\" data-id=\"a071cf4\" data-element_type=\"widget\" data-widget_type=\"image.default\">\n\t\t\t\t<div class=\"elementor-widget-container\">\n\t\t\t\t\t\t\t\t\t\t\t\t\t\t\t\t<a href=\"https:\/\/vandorunnep.hu\/index.php\/vandorunnep\/jatszato-kalandparkok\/\">\n\t\t\t\t\t\t\t<img loading=\"lazy\" decoding=\"async\" width=\"295\" height=\"300\" src=\"https:\/\/vandorunnep.hu\/wp-content\/uploads\/2024\/07\/40-Vizikerek-jatek-2-CD-borito-295x300.jpg\" class=\"attachment-medium size-medium wp-image-33\" alt=\"\" srcset=\"https:\/\/vandorunnep.hu\/wp-content\/uploads\/2024\/07\/40-Vizikerek-jatek-2-CD-borito-295x300.jpg 295w, https:\/\/vandorunnep.hu\/wp-content\/uploads\/2024\/07\/40-Vizikerek-jatek-2-CD-borito-1007x1024.jpg 1007w, https:\/\/vandorunnep.hu\/wp-content\/uploads\/2024\/07\/40-Vizikerek-jatek-2-CD-borito-768x781.jpg 768w, https:\/\/vandorunnep.hu\/wp-content\/uploads\/2024\/07\/40-Vizikerek-jatek-2-CD-borito-841x855.jpg 841w, https:\/\/vandorunnep.hu\/wp-content\/uploads\/2024\/07\/40-Vizikerek-jatek-2-CD-borito.jpg 1397w\" sizes=\"(max-width: 295px) 100vw, 295px\" \/>\t\t\t\t\t\t\t\t<\/a>\n\t\t\t\t\t\t\t\t\t\t\t\t\t\t\t<\/div>\n\t\t\t\t<\/div>\n\t\t\t\t<div class=\"elementor-element elementor-element-bed247f elementor-widget elementor-widget-heading\" data-id=\"bed247f\" data-element_type=\"widget\" data-widget_type=\"heading.default\">\n\t\t\t\t<div class=\"elementor-widget-container\">\n\t\t\t\t\t<h2 class=\"elementor-heading-title elementor-size-default\"><a href=\"https:\/\/vandorunnep.hu\/index.php\/vandorunnep\/jatszato-kalandparkok\/\">J\u00e1tszat\u00f3 kalandparkok<\/a><\/h2>\t\t\t\t<\/div>\n\t\t\t\t<\/div>\n\t\t\t\t<\/div>\n\t\t\t\t\t<\/div>\n\t\t\t\t<\/div>\n\t\t<div class=\"elementor-element elementor-element-b7c2d3d e-flex e-con-boxed e-con e-parent\" data-id=\"b7c2d3d\" data-element_type=\"container\">\n\t\t\t\t\t<div class=\"e-con-inner\">\n\t\t<div class=\"elementor-element elementor-element-7fe0614 e-con-full e-flex e-con e-child\" data-id=\"7fe0614\" data-element_type=\"container\">\n\t\t\t\t<\/div>\n\t\t<div class=\"elementor-element elementor-element-f632a87 e-con-full e-flex e-con e-child\" data-id=\"f632a87\" data-element_type=\"container\">\n\t\t\t\t<div class=\"elementor-element elementor-element-8e11a1a elementor-widget elementor-widget-image\" data-id=\"8e11a1a\" data-element_type=\"widget\" data-widget_type=\"image.default\">\n\t\t\t\t<div class=\"elementor-widget-container\">\n\t\t\t\t\t\t\t\t\t\t\t\t\t\t\t\t<a href=\"https:\/\/vandorunnep.hu\/index.php\/vandorunnep\/kezmuves-foglalkozasok\/\">\n\t\t\t\t\t\t\t<img loading=\"lazy\" decoding=\"async\" width=\"295\" height=\"300\" src=\"https:\/\/vandorunnep.hu\/wp-content\/uploads\/2024\/07\/50-Papirmerites-CD-borito-295x300.jpg\" class=\"attachment-medium size-medium wp-image-34\" alt=\"\" srcset=\"https:\/\/vandorunnep.hu\/wp-content\/uploads\/2024\/07\/50-Papirmerites-CD-borito-295x300.jpg 295w, https:\/\/vandorunnep.hu\/wp-content\/uploads\/2024\/07\/50-Papirmerites-CD-borito-1007x1024.jpg 1007w, https:\/\/vandorunnep.hu\/wp-content\/uploads\/2024\/07\/50-Papirmerites-CD-borito-768x781.jpg 768w, https:\/\/vandorunnep.hu\/wp-content\/uploads\/2024\/07\/50-Papirmerites-CD-borito-841x855.jpg 841w, https:\/\/vandorunnep.hu\/wp-content\/uploads\/2024\/07\/50-Papirmerites-CD-borito.jpg 1397w\" sizes=\"(max-width: 295px) 100vw, 295px\" \/>\t\t\t\t\t\t\t\t<\/a>\n\t\t\t\t\t\t\t\t\t\t\t\t\t\t\t<\/div>\n\t\t\t\t<\/div>\n\t\t\t\t<div class=\"elementor-element elementor-element-542eaee elementor-widget elementor-widget-heading\" data-id=\"542eaee\" data-element_type=\"widget\" data-widget_type=\"heading.default\">\n\t\t\t\t<div class=\"elementor-widget-container\">\n\t\t\t\t\t<h2 class=\"elementor-heading-title elementor-size-default\"><a href=\"https:\/\/vandorunnep.hu\/index.php\/vandorunnep\/kezmuves-foglalkozasok\/\">K\u00e9zm\u0171ves foglalkoz\u00e1sok<\/a><\/h2>\t\t\t\t<\/div>\n\t\t\t\t<\/div>\n\t\t\t\t<\/div>\n\t\t<div class=\"elementor-element elementor-element-50a611b e-con-full e-flex e-con e-child\" data-id=\"50a611b\" data-element_type=\"container\">\n\t\t\t\t<\/div>\n\t\t\t\t\t<\/div>\n\t\t\t\t<\/div>\n\t\t<div class=\"elementor-element elementor-element-e90c75a e-grid e-con-boxed e-con e-parent\" data-id=\"e90c75a\" data-element_type=\"container\">\n\t\t\t\t\t<div class=\"e-con-inner\">\n\t\t\t\t\t<\/div>\n\t\t\t\t<\/div>\n\t\t\t\t<\/div>\n\t\t","protected":false},"excerpt":{"rendered":"<p>\u00dcdv\u00f6z\u00f6lj\u00fck \u00d6n\u00f6ket a V\u00c1NDOR\u00dcNNEP internetes kuck\u00f3ban! Ez az oldal olyan sz\u00ednh\u00e1zi v\u00e1llalkoz\u00e1sokat gy\u0171jt \u00f6ssze, melyek \u00e9vtizedek \u00f3ta m\u0171k\u00f6dnek t\u00f6retlen\u00fcl a<span class=\"more-dots\">&#8230;<\/span><\/p>\n","protected":false},"author":1,"featured_media":0,"parent":0,"menu_order":0,"comment_status":"closed","ping_status":"closed","template":"","meta":{"footnotes":""},"class_list":["post-14","page","type-page","status-publish","hentry","no-post-thumbnail"],"_links":{"self":[{"href":"https:\/\/vandorunnep.hu\/index.php\/wp-json\/wp\/v2\/pages\/14","targetHints":{"allow":["GET"]}}],"collection":[{"href":"https:\/\/vandorunnep.hu\/index.php\/wp-json\/wp\/v2\/pages"}],"about":[{"href":"https:\/\/vandorunnep.hu\/index.php\/wp-json\/wp\/v2\/types\/page"}],"author":[{"embeddable":true,"href":"https:\/\/vandorunnep.hu\/index.php\/wp-json\/wp\/v2\/users\/1"}],"replies":[{"embeddable":true,"href":"https:\/\/vandorunnep.hu\/index.php\/wp-json\/wp\/v2\/comments?post=14"}],"version-history":[{"count":42,"href":"https:\/\/vandorunnep.hu\/index.php\/wp-json\/wp\/v2\/pages\/14\/revisions"}],"predecessor-version":[{"id":348,"href":"https:\/\/vandorunnep.hu\/index.php\/wp-json\/wp\/v2\/pages\/14\/revisions\/348"}],"wp:attachment":[{"href":"https:\/\/vandorunnep.hu\/index.php\/wp-json\/wp\/v2\/media?parent=14"}],"curies":[{"name":"wp","href":"https:\/\/api.w.org\/{rel}","templated":true}]}}