{"id":172,"date":"2024-07-30T14:29:56","date_gmt":"2024-07-30T14:29:56","guid":{"rendered":"https:\/\/vandorunnep.hu\/?page_id=172"},"modified":"2024-08-03T09:25:15","modified_gmt":"2024-08-03T09:25:15","slug":"fehervary-lilla","status":"publish","type":"page","link":"https:\/\/vandorunnep.hu\/index.php\/vandorunnep\/szinhazi-eloadasok\/fehervary-lilla\/","title":{"rendered":"FEH\u00c9RV\u00c1RY  LILLA"},"content":{"rendered":"\t\t<div data-elementor-type=\"wp-page\" data-elementor-id=\"172\" class=\"elementor elementor-172\">\n\t\t\t\t<div class=\"elementor-element elementor-element-3a91dc5 e-grid e-con-boxed e-con e-parent\" data-id=\"3a91dc5\" data-element_type=\"container\">\n\t\t\t\t\t<div class=\"e-con-inner\">\n\t\t\t\t<div class=\"elementor-element elementor-element-d95d3b5 elementor-widget elementor-widget-text-editor\" data-id=\"d95d3b5\" data-element_type=\"widget\" data-widget_type=\"text-editor.default\">\n\t\t\t\t<div class=\"elementor-widget-container\">\n\t\t\t\t\t\t\t\t\t<h3><strong>Mes\u00e9ket mond\u00f3, zen\u00e9ket alkot\u00f3, dalokat tolm\u00e1csol\u00f3 el\u0151ad\u00f3.<\/strong><\/h3><p>Lilla fot\u00f3i \u00e9s r\u00f6vid bemutatkoz\u00f3ja m\u00e9g hi\u00e1nyzik.<\/p><p>+36 20\u00a0567 7118<\/p>\t\t\t\t\t\t\t\t<\/div>\n\t\t\t\t<\/div>\n\t\t\t\t\t<\/div>\n\t\t\t\t<\/div>\n\t\t\t\t<\/div>\n\t\t","protected":false},"excerpt":{"rendered":"<p>Mes\u00e9ket mond\u00f3, zen\u00e9ket alkot\u00f3, dalokat tolm\u00e1csol\u00f3 el\u0151ad\u00f3. Lilla fot\u00f3i \u00e9s r\u00f6vid bemutatkoz\u00f3ja m\u00e9g hi\u00e1nyzik. +36 20\u00a0567 7118<\/p>\n","protected":false},"author":1,"featured_media":0,"parent":51,"menu_order":3,"comment_status":"closed","ping_status":"closed","template":"","meta":{"footnotes":""},"class_list":["post-172","page","type-page","status-publish","hentry","no-post-thumbnail"],"_links":{"self":[{"href":"https:\/\/vandorunnep.hu\/index.php\/wp-json\/wp\/v2\/pages\/172","targetHints":{"allow":["GET"]}}],"collection":[{"href":"https:\/\/vandorunnep.hu\/index.php\/wp-json\/wp\/v2\/pages"}],"about":[{"href":"https:\/\/vandorunnep.hu\/index.php\/wp-json\/wp\/v2\/types\/page"}],"author":[{"embeddable":true,"href":"https:\/\/vandorunnep.hu\/index.php\/wp-json\/wp\/v2\/users\/1"}],"replies":[{"embeddable":true,"href":"https:\/\/vandorunnep.hu\/index.php\/wp-json\/wp\/v2\/comments?post=172"}],"version-history":[{"count":7,"href":"https:\/\/vandorunnep.hu\/index.php\/wp-json\/wp\/v2\/pages\/172\/revisions"}],"predecessor-version":[{"id":297,"href":"https:\/\/vandorunnep.hu\/index.php\/wp-json\/wp\/v2\/pages\/172\/revisions\/297"}],"up":[{"embeddable":true,"href":"https:\/\/vandorunnep.hu\/index.php\/wp-json\/wp\/v2\/pages\/51"}],"wp:attachment":[{"href":"https:\/\/vandorunnep.hu\/index.php\/wp-json\/wp\/v2\/media?parent=172"}],"curies":[{"name":"wp","href":"https:\/\/api.w.org\/{rel}","templated":true}]}}