{"id":177,"date":"2024-07-30T14:38:49","date_gmt":"2024-07-30T14:38:49","guid":{"rendered":"https:\/\/vandorunnep.hu\/?page_id=177"},"modified":"2024-08-08T17:02:43","modified_gmt":"2024-08-08T17:02:43","slug":"ladafia-babszinhaz","status":"publish","type":"page","link":"https:\/\/vandorunnep.hu\/index.php\/vandorunnep\/szinhazi-eloadasok\/ladafia-babszinhaz\/","title":{"rendered":"L\u00c1DAFIA  B\u00c1BSZ\u00cdNH\u00c1Z"},"content":{"rendered":"\t\t<div data-elementor-type=\"wp-page\" data-elementor-id=\"177\" class=\"elementor elementor-177\">\n\t\t\t\t<div class=\"elementor-element elementor-element-1eac458 e-grid e-con-boxed e-con e-parent\" data-id=\"1eac458\" data-element_type=\"container\">\n\t\t\t\t\t<div class=\"e-con-inner\">\n\t\t\t\t<div class=\"elementor-element elementor-element-3ca68ad gallery-spacing-custom elementor-widget elementor-widget-image-gallery\" data-id=\"3ca68ad\" data-element_type=\"widget\" data-widget_type=\"image-gallery.default\">\n\t\t\t\t<div class=\"elementor-widget-container\">\n\t\t\t\t\t\t\t<div class=\"elementor-image-gallery\">\n\t\t\t<div id='gallery-1' class='gallery galleryid-177 gallery-columns-2 gallery-size-full'><figure class='gallery-item'>\n\t\t\t<div class='gallery-icon portrait'>\n\t\t\t\t<a data-elementor-open-lightbox=\"yes\" data-elementor-lightbox-slideshow=\"3ca68ad\" data-elementor-lightbox-title=\"01 N\u00e9der Janka\" data-e-action-hash=\"#elementor-action%3Aaction%3Dlightbox%26settings%3DeyJpZCI6MzQ5LCJ1cmwiOiJodHRwczpcL1wvdmFuZG9ydW5uZXAuaHVcL3dwLWNvbnRlbnRcL3VwbG9hZHNcLzIwMjRcLzA4XC8wMS1OZWRlci1KYW5rYS5qcGciLCJzbGlkZXNob3ciOiIzY2E2OGFkIn0%3D\" href='https:\/\/vandorunnep.hu\/wp-content\/uploads\/2024\/08\/01-Neder-Janka.jpg'><img fetchpriority=\"high\" decoding=\"async\" width=\"505\" height=\"721\" src=\"https:\/\/vandorunnep.hu\/wp-content\/uploads\/2024\/08\/01-Neder-Janka.jpg\" class=\"attachment-full size-full\" alt=\"\" srcset=\"https:\/\/vandorunnep.hu\/wp-content\/uploads\/2024\/08\/01-Neder-Janka.jpg 505w, https:\/\/vandorunnep.hu\/wp-content\/uploads\/2024\/08\/01-Neder-Janka-210x300.jpg 210w\" sizes=\"(max-width: 505px) 100vw, 505px\" \/><\/a>\n\t\t\t<\/div><\/figure><figure class='gallery-item'>\n\t\t\t<div class='gallery-icon portrait'>\n\t\t\t\t<a data-elementor-open-lightbox=\"yes\" data-elementor-lightbox-slideshow=\"3ca68ad\" data-elementor-lightbox-title=\"02 N\u00e9der Norbert\" data-e-action-hash=\"#elementor-action%3Aaction%3Dlightbox%26settings%3DeyJpZCI6MzUwLCJ1cmwiOiJodHRwczpcL1wvdmFuZG9ydW5uZXAuaHVcL3dwLWNvbnRlbnRcL3VwbG9hZHNcLzIwMjRcLzA4XC8wMi1OZWRlci1Ob3JiZXJ0LmpwZyIsInNsaWRlc2hvdyI6IjNjYTY4YWQifQ%3D%3D\" href='https:\/\/vandorunnep.hu\/wp-content\/uploads\/2024\/08\/02-Neder-Norbert.jpg'><img decoding=\"async\" width=\"507\" height=\"723\" src=\"https:\/\/vandorunnep.hu\/wp-content\/uploads\/2024\/08\/02-Neder-Norbert.jpg\" class=\"attachment-full size-full\" alt=\"\" srcset=\"https:\/\/vandorunnep.hu\/wp-content\/uploads\/2024\/08\/02-Neder-Norbert.jpg 507w, https:\/\/vandorunnep.hu\/wp-content\/uploads\/2024\/08\/02-Neder-Norbert-210x300.jpg 210w\" sizes=\"(max-width: 507px) 100vw, 507px\" \/><\/a>\n\t\t\t<\/div><\/figure><figure class='gallery-item'>\n\t\t\t<div class='gallery-icon portrait'>\n\t\t\t\t<a data-elementor-open-lightbox=\"yes\" data-elementor-lightbox-slideshow=\"3ca68ad\" data-elementor-lightbox-title=\"30 Sz\u00e9tes\u0151s \u00d6rd\u00f6g\" data-e-action-hash=\"#elementor-action%3Aaction%3Dlightbox%26settings%3DeyJpZCI6MTgxLCJ1cmwiOiJodHRwczpcL1wvdmFuZG9ydW5uZXAuaHVcL3dwLWNvbnRlbnRcL3VwbG9hZHNcLzIwMjRcLzA3XC8zMC1TemV0ZXNvcy1PcmRvZy1zY2FsZWQuanBnIiwic2xpZGVzaG93IjoiM2NhNjhhZCJ9\" href='https:\/\/vandorunnep.hu\/wp-content\/uploads\/2024\/07\/30-Szetesos-Ordog-scaled.jpg'><img decoding=\"async\" width=\"1920\" height=\"2560\" src=\"https:\/\/vandorunnep.hu\/wp-content\/uploads\/2024\/07\/30-Szetesos-Ordog-scaled.jpg\" class=\"attachment-full size-full\" alt=\"\" srcset=\"https:\/\/vandorunnep.hu\/wp-content\/uploads\/2024\/07\/30-Szetesos-Ordog-scaled.jpg 1920w, https:\/\/vandorunnep.hu\/wp-content\/uploads\/2024\/07\/30-Szetesos-Ordog-225x300.jpg 225w, https:\/\/vandorunnep.hu\/wp-content\/uploads\/2024\/07\/30-Szetesos-Ordog-768x1024.jpg 768w, https:\/\/vandorunnep.hu\/wp-content\/uploads\/2024\/07\/30-Szetesos-Ordog-1152x1536.jpg 1152w, https:\/\/vandorunnep.hu\/wp-content\/uploads\/2024\/07\/30-Szetesos-Ordog-1536x2048.jpg 1536w, https:\/\/vandorunnep.hu\/wp-content\/uploads\/2024\/07\/30-Szetesos-Ordog-641x855.jpg 641w\" sizes=\"(max-width: 1920px) 100vw, 1920px\" \/><\/a>\n\t\t\t<\/div><\/figure><figure class='gallery-item'>\n\t\t\t<div class='gallery-icon portrait'>\n\t\t\t\t<a data-elementor-open-lightbox=\"yes\" data-elementor-lightbox-slideshow=\"3ca68ad\" data-elementor-lightbox-title=\"40 Gazd\u00e1n\u00e9\" data-e-action-hash=\"#elementor-action%3Aaction%3Dlightbox%26settings%3DeyJpZCI6MTgyLCJ1cmwiOiJodHRwczpcL1wvdmFuZG9ydW5uZXAuaHVcL3dwLWNvbnRlbnRcL3VwbG9hZHNcLzIwMjRcLzA3XC80MC1HYXpkYW5lLXNjYWxlZC5qcGciLCJzbGlkZXNob3ciOiIzY2E2OGFkIn0%3D\" href='https:\/\/vandorunnep.hu\/wp-content\/uploads\/2024\/07\/40-Gazdane-scaled.jpg'><img loading=\"lazy\" decoding=\"async\" width=\"1920\" height=\"2560\" src=\"https:\/\/vandorunnep.hu\/wp-content\/uploads\/2024\/07\/40-Gazdane-scaled.jpg\" class=\"attachment-full size-full\" alt=\"\" srcset=\"https:\/\/vandorunnep.hu\/wp-content\/uploads\/2024\/07\/40-Gazdane-scaled.jpg 1920w, https:\/\/vandorunnep.hu\/wp-content\/uploads\/2024\/07\/40-Gazdane-225x300.jpg 225w, https:\/\/vandorunnep.hu\/wp-content\/uploads\/2024\/07\/40-Gazdane-768x1024.jpg 768w, https:\/\/vandorunnep.hu\/wp-content\/uploads\/2024\/07\/40-Gazdane-1152x1536.jpg 1152w, https:\/\/vandorunnep.hu\/wp-content\/uploads\/2024\/07\/40-Gazdane-1536x2048.jpg 1536w, https:\/\/vandorunnep.hu\/wp-content\/uploads\/2024\/07\/40-Gazdane-641x855.jpg 641w\" sizes=\"(max-width: 1920px) 100vw, 1920px\" \/><\/a>\n\t\t\t<\/div><\/figure><figure class='gallery-item'>\n\t\t\t<div class='gallery-icon landscape'>\n\t\t\t\t<a data-elementor-open-lightbox=\"yes\" data-elementor-lightbox-slideshow=\"3ca68ad\" data-elementor-lightbox-title=\"50 \u00d6reg \u00c9ger \u00e9s Any\u00f3k\u00e1ja\" data-e-action-hash=\"#elementor-action%3Aaction%3Dlightbox%26settings%3DeyJpZCI6MTgzLCJ1cmwiOiJodHRwczpcL1wvdmFuZG9ydW5uZXAuaHVcL3dwLWNvbnRlbnRcL3VwbG9hZHNcLzIwMjRcLzA3XC81MC1PcmVnLUVnZXItZXMtQW55b2thamEtc2NhbGVkLmpwZyIsInNsaWRlc2hvdyI6IjNjYTY4YWQifQ%3D%3D\" href='https:\/\/vandorunnep.hu\/wp-content\/uploads\/2024\/07\/50-Oreg-Eger-es-Anyokaja-scaled.jpg'><img loading=\"lazy\" decoding=\"async\" width=\"2560\" height=\"1706\" src=\"https:\/\/vandorunnep.hu\/wp-content\/uploads\/2024\/07\/50-Oreg-Eger-es-Anyokaja-scaled.jpg\" class=\"attachment-full size-full\" alt=\"\" srcset=\"https:\/\/vandorunnep.hu\/wp-content\/uploads\/2024\/07\/50-Oreg-Eger-es-Anyokaja-scaled.jpg 2560w, https:\/\/vandorunnep.hu\/wp-content\/uploads\/2024\/07\/50-Oreg-Eger-es-Anyokaja-300x200.jpg 300w, https:\/\/vandorunnep.hu\/wp-content\/uploads\/2024\/07\/50-Oreg-Eger-es-Anyokaja-1024x683.jpg 1024w, https:\/\/vandorunnep.hu\/wp-content\/uploads\/2024\/07\/50-Oreg-Eger-es-Anyokaja-768x512.jpg 768w, https:\/\/vandorunnep.hu\/wp-content\/uploads\/2024\/07\/50-Oreg-Eger-es-Anyokaja-1536x1024.jpg 1536w, https:\/\/vandorunnep.hu\/wp-content\/uploads\/2024\/07\/50-Oreg-Eger-es-Anyokaja-2048x1365.jpg 2048w, https:\/\/vandorunnep.hu\/wp-content\/uploads\/2024\/07\/50-Oreg-Eger-es-Anyokaja-1140x760.jpg 1140w\" sizes=\"(max-width: 2560px) 100vw, 2560px\" \/><\/a>\n\t\t\t<\/div><\/figure>\n\t\t<\/div>\n\t\t<\/div>\n\t\t\t\t\t\t<\/div>\n\t\t\t\t<\/div>\n\t\t\t\t<div class=\"elementor-element elementor-element-073f104 elementor-widget elementor-widget-text-editor\" data-id=\"073f104\" data-element_type=\"widget\" data-widget_type=\"text-editor.default\">\n\t\t\t\t<div class=\"elementor-widget-container\">\n\t\t\t\t\t\t\t\t\t<h2><strong>L\u00e1dafia B\u00e1bsz\u00ednh\u00e1z<\/strong><\/h2><p>A <strong>L\u00e1dafia B\u00e1bsz\u00ednh\u00e1z<\/strong> k\u00f6zel harminc \u00e9ve j\u00e1tszik r\u00e9teken, tereken, v\u00e1s\u00e1rokban, falvak, v\u00e1rosok M\u0171vel\u0151d\u00e9si H\u00e1zaiban, B\u00e1bos Sz\u00ednh\u00e1zaiban. A <strong>L\u00e1dafia B\u00e1bsz\u00ednh\u00e1z <\/strong>az \u00e9letre keltett anyag sz\u00ednh\u00e1za. Term\u00e9szetes anyagokb\u00f3l alkotott b\u00e1bjaival \u00e9s a hajdan volt \u00e9let megannyi relikvi\u00e1j\u00e1val teremt vil\u00e1got az \u00e1ltala tolm\u00e1csoland\u00f3 t\u00f6rt\u00e9netek hiteles tov\u00e1bbad\u00e1s\u00e1hoz. \u00c9l\u0151 sz\u00f3val, \u00e9l\u0151 muzsik\u00e1val f\u0171szerezi a mes\u00e9kben \u0151rz\u00f6tt gondolatokat, \u00e9rzelmeket, fordulatokat. Mindazt, amit \u00e9rdemes tudni a <strong>L\u00e1dafia B\u00e1bsz\u00ednh\u00e1z<\/strong>-r\u00f3l, megtal\u00e1lhat\u00f3 a r\u00f3la elnevezett honlapon.<\/p><p><strong>N\u00e9der Norbert <\/strong>\u00e9s<strong> N\u00e9der Janka<\/strong><\/p>\t\t\t\t\t\t\t\t<\/div>\n\t\t\t\t<\/div>\n\t\t\t\t\t<\/div>\n\t\t\t\t<\/div>\n\t\t<div class=\"elementor-element elementor-element-6163314 e-flex e-con-boxed e-con e-parent\" data-id=\"6163314\" data-element_type=\"container\">\n\t\t\t\t\t<div class=\"e-con-inner\">\n\t\t\t\t<div class=\"elementor-element elementor-element-041194f elementor-shape-rounded elementor-grid-0 e-grid-align-center elementor-widget elementor-widget-social-icons\" data-id=\"041194f\" data-element_type=\"widget\" data-widget_type=\"social-icons.default\">\n\t\t\t\t<div class=\"elementor-widget-container\">\n\t\t\t\t\t\t\t<div class=\"elementor-social-icons-wrapper elementor-grid\">\n\t\t\t\t\t\t\t<span class=\"elementor-grid-item\">\n\t\t\t\t\t<a class=\"elementor-icon elementor-social-icon elementor-social-icon-wordpress elementor-repeater-item-7e0dc40\" href=\"http:\/\/www.ladafiababszinhaz.hu\" target=\"_blank\">\n\t\t\t\t\t\t<span class=\"elementor-screen-only\">WordPress<\/span>\n\t\t\t\t\t\t<svg class=\"e-font-icon-svg e-fab-wordpress\" viewBox=\"0 0 512 512\" xmlns=\"http:\/\/www.w3.org\/2000\/svg\"><path d=\"M61.7 169.4l101.5 278C92.2 413 43.3 340.2 43.3 256c0-30.9 6.6-60.1 18.4-86.6zm337.9 75.9c0-26.3-9.4-44.5-17.5-58.7-10.8-17.5-20.9-32.4-20.9-49.9 0-19.6 14.8-37.8 35.7-37.8.9 0 1.8.1 2.8.2-37.9-34.7-88.3-55.9-143.7-55.9-74.3 0-139.7 38.1-177.8 95.9 5 .2 9.7.3 13.7.3 22.2 0 56.7-2.7 56.7-2.7 11.5-.7 12.8 16.2 1.4 17.5 0 0-11.5 1.3-24.3 2l77.5 230.4L249.8 247l-33.1-90.8c-11.5-.7-22.3-2-22.3-2-11.5-.7-10.1-18.2 1.3-17.5 0 0 35.1 2.7 56 2.7 22.2 0 56.7-2.7 56.7-2.7 11.5-.7 12.8 16.2 1.4 17.5 0 0-11.5 1.3-24.3 2l76.9 228.7 21.2-70.9c9-29.4 16-50.5 16-68.7zm-139.9 29.3l-63.8 185.5c19.1 5.6 39.2 8.7 60.1 8.7 24.8 0 48.5-4.3 70.6-12.1-.6-.9-1.1-1.9-1.5-2.9l-65.4-179.2zm183-120.7c.9 6.8 1.4 14 1.4 21.9 0 21.6-4 45.8-16.2 76.2l-65 187.9C426.2 403 468.7 334.5 468.7 256c0-37-9.4-71.8-26-102.1zM504 256c0 136.8-111.3 248-248 248C119.2 504 8 392.7 8 256 8 119.2 119.2 8 256 8c136.7 0 248 111.2 248 248zm-11.4 0c0-130.5-106.2-236.6-236.6-236.6C125.5 19.4 19.4 125.5 19.4 256S125.6 492.6 256 492.6c130.5 0 236.6-106.1 236.6-236.6z\"><\/path><\/svg>\t\t\t\t\t<\/a>\n\t\t\t\t<\/span>\n\t\t\t\t\t\t\t<span class=\"elementor-grid-item\">\n\t\t\t\t\t<a class=\"elementor-icon elementor-social-icon elementor-social-icon-facebook elementor-repeater-item-64839dd\" href=\"https:\/\/www.facebook.com\/ladafiababszinhaz\" target=\"_blank\">\n\t\t\t\t\t\t<span class=\"elementor-screen-only\">Facebook<\/span>\n\t\t\t\t\t\t<svg class=\"e-font-icon-svg e-fab-facebook\" viewBox=\"0 0 512 512\" xmlns=\"http:\/\/www.w3.org\/2000\/svg\"><path d=\"M504 256C504 119 393 8 256 8S8 119 8 256c0 123.78 90.69 226.38 209.25 245V327.69h-63V256h63v-54.64c0-62.15 37-96.48 93.67-96.48 27.14 0 55.52 4.84 55.52 4.84v61h-31.28c-30.8 0-40.41 19.12-40.41 38.73V256h68.78l-11 71.69h-57.78V501C413.31 482.38 504 379.78 504 256z\"><\/path><\/svg>\t\t\t\t\t<\/a>\n\t\t\t\t<\/span>\n\t\t\t\t\t\t\t<span class=\"elementor-grid-item\">\n\t\t\t\t\t<a class=\"elementor-icon elementor-social-icon elementor-social-icon-instagram elementor-repeater-item-56ed486\" href=\"https:\/\/www.instagram.com\/ladafia_babszinhaz20\/\" target=\"_blank\">\n\t\t\t\t\t\t<span class=\"elementor-screen-only\">Instagram<\/span>\n\t\t\t\t\t\t<svg class=\"e-font-icon-svg e-fab-instagram\" viewBox=\"0 0 448 512\" xmlns=\"http:\/\/www.w3.org\/2000\/svg\"><path d=\"M224.1 141c-63.6 0-114.9 51.3-114.9 114.9s51.3 114.9 114.9 114.9S339 319.5 339 255.9 287.7 141 224.1 141zm0 189.6c-41.1 0-74.7-33.5-74.7-74.7s33.5-74.7 74.7-74.7 74.7 33.5 74.7 74.7-33.6 74.7-74.7 74.7zm146.4-194.3c0 14.9-12 26.8-26.8 26.8-14.9 0-26.8-12-26.8-26.8s12-26.8 26.8-26.8 26.8 12 26.8 26.8zm76.1 27.2c-1.7-35.9-9.9-67.7-36.2-93.9-26.2-26.2-58-34.4-93.9-36.2-37-2.1-147.9-2.1-184.9 0-35.8 1.7-67.6 9.9-93.9 36.1s-34.4 58-36.2 93.9c-2.1 37-2.1 147.9 0 184.9 1.7 35.9 9.9 67.7 36.2 93.9s58 34.4 93.9 36.2c37 2.1 147.9 2.1 184.9 0 35.9-1.7 67.7-9.9 93.9-36.2 26.2-26.2 34.4-58 36.2-93.9 2.1-37 2.1-147.8 0-184.8zM398.8 388c-7.8 19.6-22.9 34.7-42.6 42.6-29.5 11.7-99.5 9-132.1 9s-102.7 2.6-132.1-9c-19.6-7.8-34.7-22.9-42.6-42.6-11.7-29.5-9-99.5-9-132.1s-2.6-102.7 9-132.1c7.8-19.6 22.9-34.7 42.6-42.6 29.5-11.7 99.5-9 132.1-9s102.7-2.6 132.1 9c19.6 7.8 34.7 22.9 42.6 42.6 11.7 29.5 9 99.5 9 132.1s2.7 102.7-9 132.1z\"><\/path><\/svg>\t\t\t\t\t<\/a>\n\t\t\t\t<\/span>\n\t\t\t\t\t<\/div>\n\t\t\t\t\t\t<\/div>\n\t\t\t\t<\/div>\n\t\t\t\t\t<\/div>\n\t\t\t\t<\/div>\n\t\t<div class=\"elementor-element elementor-element-8f1b627 e-flex e-con-boxed e-con e-parent\" data-id=\"8f1b627\" data-element_type=\"container\">\n\t\t\t\t\t<div class=\"e-con-inner\">\n\t\t\t\t<div class=\"elementor-element elementor-element-f4f6585 elementor-widget elementor-widget-google_maps\" data-id=\"f4f6585\" data-element_type=\"widget\" data-widget_type=\"google_maps.default\">\n\t\t\t\t<div class=\"elementor-widget-container\">\n\t\t\t\t\t\t\t<div class=\"elementor-custom-embed\">\n\t\t\t<iframe loading=\"lazy\"\n\t\t\t\t\tsrc=\"https:\/\/maps.google.com\/maps?q=Biatorb%C3%A1gy%20&#038;t=m&#038;z=11&#038;output=embed&#038;iwloc=near\"\n\t\t\t\t\ttitle=\"Biatorb\u00e1gy \"\n\t\t\t\t\taria-label=\"Biatorb\u00e1gy \"\n\t\t\t><\/iframe>\n\t\t<\/div>\n\t\t\t\t\t\t<\/div>\n\t\t\t\t<\/div>\n\t\t\t\t\t<\/div>\n\t\t\t\t<\/div>\n\t\t<div class=\"elementor-element elementor-element-cd52c1e e-flex e-con-boxed e-con e-parent\" data-id=\"cd52c1e\" data-element_type=\"container\">\n\t\t\t\t\t<div class=\"e-con-inner\">\n\t\t\t\t\t<\/div>\n\t\t\t\t<\/div>\n\t\t\t\t<\/div>\n\t\t","protected":false},"excerpt":{"rendered":"<p>L\u00e1dafia B\u00e1bsz\u00ednh\u00e1z A L\u00e1dafia B\u00e1bsz\u00ednh\u00e1z k\u00f6zel harminc \u00e9ve j\u00e1tszik r\u00e9teken, tereken, v\u00e1s\u00e1rokban, falvak, v\u00e1rosok M\u0171vel\u0151d\u00e9si H\u00e1zaiban, B\u00e1bos Sz\u00ednh\u00e1zaiban. A L\u00e1dafia<span class=\"more-dots\">&#8230;<\/span><\/p>\n","protected":false},"author":1,"featured_media":0,"parent":51,"menu_order":1,"comment_status":"closed","ping_status":"closed","template":"","meta":{"footnotes":""},"class_list":["post-177","page","type-page","status-publish","hentry","no-post-thumbnail"],"_links":{"self":[{"href":"https:\/\/vandorunnep.hu\/index.php\/wp-json\/wp\/v2\/pages\/177","targetHints":{"allow":["GET"]}}],"collection":[{"href":"https:\/\/vandorunnep.hu\/index.php\/wp-json\/wp\/v2\/pages"}],"about":[{"href":"https:\/\/vandorunnep.hu\/index.php\/wp-json\/wp\/v2\/types\/page"}],"author":[{"embeddable":true,"href":"https:\/\/vandorunnep.hu\/index.php\/wp-json\/wp\/v2\/users\/1"}],"replies":[{"embeddable":true,"href":"https:\/\/vandorunnep.hu\/index.php\/wp-json\/wp\/v2\/comments?post=177"}],"version-history":[{"count":28,"href":"https:\/\/vandorunnep.hu\/index.php\/wp-json\/wp\/v2\/pages\/177\/revisions"}],"predecessor-version":[{"id":353,"href":"https:\/\/vandorunnep.hu\/index.php\/wp-json\/wp\/v2\/pages\/177\/revisions\/353"}],"up":[{"embeddable":true,"href":"https:\/\/vandorunnep.hu\/index.php\/wp-json\/wp\/v2\/pages\/51"}],"wp:attachment":[{"href":"https:\/\/vandorunnep.hu\/index.php\/wp-json\/wp\/v2\/media?parent=177"}],"curies":[{"name":"wp","href":"https:\/\/api.w.org\/{rel}","templated":true}]}}