{"id":66,"date":"2024-07-30T13:21:07","date_gmt":"2024-07-30T13:21:07","guid":{"rendered":"https:\/\/vandorunnep.hu\/?page_id=66"},"modified":"2024-08-03T09:24:19","modified_gmt":"2024-08-03T09:24:19","slug":"golyalabas-oriasbabos-produkciok","status":"publish","type":"page","link":"https:\/\/vandorunnep.hu\/index.php\/vandorunnep\/golyalabas-oriasbabos-produkciok\/","title":{"rendered":"G\u00f3lyal\u00e1bas, \u00d3ri\u00e1sb\u00e1bos produkci\u00f3k"},"content":{"rendered":"\t\t<div data-elementor-type=\"wp-page\" data-elementor-id=\"66\" class=\"elementor elementor-66\">\n\t\t\t\t<div class=\"elementor-element elementor-element-5715474 e-grid e-con-boxed e-con e-parent\" data-id=\"5715474\" data-element_type=\"container\">\n\t\t\t\t\t<div class=\"e-con-inner\">\n\t\t\t\t<div class=\"elementor-element elementor-element-66127c5 elementor-widget elementor-widget-image\" data-id=\"66127c5\" data-element_type=\"widget\" data-widget_type=\"image.default\">\n\t\t\t\t<div class=\"elementor-widget-container\">\n\t\t\t\t\t\t\t\t\t\t\t\t\t\t\t\t<a href=\"https:\/\/vandorunnep.hu\/index.php\/vandorunnep\/golyalabas-oriasbabos-produkciok\/langaleta-garabonciasok\/\">\n\t\t\t\t\t\t\t<img fetchpriority=\"high\" decoding=\"async\" width=\"295\" height=\"300\" src=\"https:\/\/vandorunnep.hu\/wp-content\/uploads\/2024\/07\/Gulyas-Laszlo-CD-borito-295x300.jpg\" class=\"attachment-medium size-medium wp-image-72\" alt=\"\" srcset=\"https:\/\/vandorunnep.hu\/wp-content\/uploads\/2024\/07\/Gulyas-Laszlo-CD-borito-295x300.jpg 295w, https:\/\/vandorunnep.hu\/wp-content\/uploads\/2024\/07\/Gulyas-Laszlo-CD-borito-1007x1024.jpg 1007w, https:\/\/vandorunnep.hu\/wp-content\/uploads\/2024\/07\/Gulyas-Laszlo-CD-borito-768x781.jpg 768w, https:\/\/vandorunnep.hu\/wp-content\/uploads\/2024\/07\/Gulyas-Laszlo-CD-borito-841x855.jpg 841w, https:\/\/vandorunnep.hu\/wp-content\/uploads\/2024\/07\/Gulyas-Laszlo-CD-borito.jpg 1397w\" sizes=\"(max-width: 295px) 100vw, 295px\" \/>\t\t\t\t\t\t\t\t<\/a>\n\t\t\t\t\t\t\t\t\t\t\t\t\t\t\t<\/div>\n\t\t\t\t<\/div>\n\t\t\t\t<div class=\"elementor-element elementor-element-62e01b5 elementor-widget elementor-widget-text-editor\" data-id=\"62e01b5\" data-element_type=\"widget\" data-widget_type=\"text-editor.default\">\n\t\t\t\t<div class=\"elementor-widget-container\">\n\t\t\t\t\t\t\t\t\t<h1>LANGAL\u00c9TA\u00a0 GARABONCI\u00c1SOK<\/h1><p><strong><em>Guly\u00e1s L\u00e1szl\u00f3<\/em><\/strong><\/p>\t\t\t\t\t\t\t\t<\/div>\n\t\t\t\t<\/div>\n\t\t\t\t\t<\/div>\n\t\t\t\t<\/div>\n\t\t<div class=\"elementor-element elementor-element-8c08065 e-grid e-con-boxed e-con e-parent\" data-id=\"8c08065\" data-element_type=\"container\">\n\t\t\t\t\t<div class=\"e-con-inner\">\n\t\t\t\t<div class=\"elementor-element elementor-element-6b58f06 elementor-widget elementor-widget-image\" data-id=\"6b58f06\" data-element_type=\"widget\" data-widget_type=\"image.default\">\n\t\t\t\t<div class=\"elementor-widget-container\">\n\t\t\t\t\t\t\t\t\t\t\t\t\t\t\t\t<a href=\"https:\/\/vandorunnep.hu\/index.php\/vandorunnep\/golyalabas-oriasbabos-produkciok\/szarnyas-sarkanyok\/\">\n\t\t\t\t\t\t\t<img decoding=\"async\" width=\"295\" height=\"300\" src=\"https:\/\/vandorunnep.hu\/wp-content\/uploads\/2024\/07\/Fekete-David-CD-borito-295x300.jpg\" class=\"attachment-medium size-medium wp-image-71\" alt=\"\" srcset=\"https:\/\/vandorunnep.hu\/wp-content\/uploads\/2024\/07\/Fekete-David-CD-borito-295x300.jpg 295w, https:\/\/vandorunnep.hu\/wp-content\/uploads\/2024\/07\/Fekete-David-CD-borito-1007x1024.jpg 1007w, https:\/\/vandorunnep.hu\/wp-content\/uploads\/2024\/07\/Fekete-David-CD-borito-768x781.jpg 768w, https:\/\/vandorunnep.hu\/wp-content\/uploads\/2024\/07\/Fekete-David-CD-borito-841x855.jpg 841w, https:\/\/vandorunnep.hu\/wp-content\/uploads\/2024\/07\/Fekete-David-CD-borito.jpg 1397w\" sizes=\"(max-width: 295px) 100vw, 295px\" \/>\t\t\t\t\t\t\t\t<\/a>\n\t\t\t\t\t\t\t\t\t\t\t\t\t\t\t<\/div>\n\t\t\t\t<\/div>\n\t\t\t\t<div class=\"elementor-element elementor-element-b102bdc elementor-widget elementor-widget-text-editor\" data-id=\"b102bdc\" data-element_type=\"widget\" data-widget_type=\"text-editor.default\">\n\t\t\t\t<div class=\"elementor-widget-container\">\n\t\t\t\t\t\t\t\t\t<h1>SZ\u00c1RNYAS\u00a0 S\u00c1RK\u00c1NYOK<\/h1><p><strong><em>Fekete D\u00e1vid<\/em><\/strong><\/p>\t\t\t\t\t\t\t\t<\/div>\n\t\t\t\t<\/div>\n\t\t\t\t\t<\/div>\n\t\t\t\t<\/div>\n\t\t\t\t<\/div>\n\t\t","protected":false},"excerpt":{"rendered":"<p>LANGAL\u00c9TA\u00a0 GARABONCI\u00c1SOK Guly\u00e1s L\u00e1szl\u00f3 SZ\u00c1RNYAS\u00a0 S\u00c1RK\u00c1NYOK Fekete D\u00e1vid<\/p>\n","protected":false},"author":1,"featured_media":0,"parent":14,"menu_order":2,"comment_status":"closed","ping_status":"closed","template":"","meta":{"footnotes":""},"class_list":["post-66","page","type-page","status-publish","hentry","no-post-thumbnail"],"_links":{"self":[{"href":"https:\/\/vandorunnep.hu\/index.php\/wp-json\/wp\/v2\/pages\/66","targetHints":{"allow":["GET"]}}],"collection":[{"href":"https:\/\/vandorunnep.hu\/index.php\/wp-json\/wp\/v2\/pages"}],"about":[{"href":"https:\/\/vandorunnep.hu\/index.php\/wp-json\/wp\/v2\/types\/page"}],"author":[{"embeddable":true,"href":"https:\/\/vandorunnep.hu\/index.php\/wp-json\/wp\/v2\/users\/1"}],"replies":[{"embeddable":true,"href":"https:\/\/vandorunnep.hu\/index.php\/wp-json\/wp\/v2\/comments?post=66"}],"version-history":[{"count":14,"href":"https:\/\/vandorunnep.hu\/index.php\/wp-json\/wp\/v2\/pages\/66\/revisions"}],"predecessor-version":[{"id":294,"href":"https:\/\/vandorunnep.hu\/index.php\/wp-json\/wp\/v2\/pages\/66\/revisions\/294"}],"up":[{"embeddable":true,"href":"https:\/\/vandorunnep.hu\/index.php\/wp-json\/wp\/v2\/pages\/14"}],"wp:attachment":[{"href":"https:\/\/vandorunnep.hu\/index.php\/wp-json\/wp\/v2\/media?parent=66"}],"curies":[{"name":"wp","href":"https:\/\/api.w.org\/{rel}","templated":true}]}}