{"id":76,"date":"2024-07-30T13:27:46","date_gmt":"2024-07-30T13:27:46","guid":{"rendered":"https:\/\/vandorunnep.hu\/?page_id=76"},"modified":"2024-08-03T09:21:08","modified_gmt":"2024-08-03T09:21:08","slug":"vasari-mutatvanyok","status":"publish","type":"page","link":"https:\/\/vandorunnep.hu\/index.php\/vandorunnep\/vasari-mutatvanyok\/","title":{"rendered":"V\u00e1s\u00e1ri mutatv\u00e1nyok"},"content":{"rendered":"\t\t<div data-elementor-type=\"wp-page\" data-elementor-id=\"76\" class=\"elementor elementor-76\">\n\t\t\t\t<div class=\"elementor-element elementor-element-06427d0 e-grid e-con-boxed e-con e-parent\" data-id=\"06427d0\" data-element_type=\"container\">\n\t\t\t\t\t<div class=\"e-con-inner\">\n\t\t\t\t<div class=\"elementor-element elementor-element-0a97fc2 elementor-widget elementor-widget-image\" data-id=\"0a97fc2\" data-element_type=\"widget\" data-widget_type=\"image.default\">\n\t\t\t\t<div class=\"elementor-widget-container\">\n\t\t\t\t\t\t\t\t\t\t\t\t\t\t\t\t<a href=\"https:\/\/vandorunnep.hu\/index.php\/vandorunnep\/vasari-mutatvanyok\/paprika-jancsi-csuzlizdaja\/\">\n\t\t\t\t\t\t\t<img fetchpriority=\"high\" decoding=\"async\" width=\"295\" height=\"300\" src=\"https:\/\/vandorunnep.hu\/wp-content\/uploads\/2024\/07\/Csuzlizda-CEGER-CD-borito-295x300.jpg\" class=\"attachment-medium size-medium wp-image-77\" alt=\"\" srcset=\"https:\/\/vandorunnep.hu\/wp-content\/uploads\/2024\/07\/Csuzlizda-CEGER-CD-borito-295x300.jpg 295w, https:\/\/vandorunnep.hu\/wp-content\/uploads\/2024\/07\/Csuzlizda-CEGER-CD-borito-1007x1024.jpg 1007w, https:\/\/vandorunnep.hu\/wp-content\/uploads\/2024\/07\/Csuzlizda-CEGER-CD-borito-768x781.jpg 768w, https:\/\/vandorunnep.hu\/wp-content\/uploads\/2024\/07\/Csuzlizda-CEGER-CD-borito-841x855.jpg 841w, https:\/\/vandorunnep.hu\/wp-content\/uploads\/2024\/07\/Csuzlizda-CEGER-CD-borito.jpg 1397w\" sizes=\"(max-width: 295px) 100vw, 295px\" \/>\t\t\t\t\t\t\t\t<\/a>\n\t\t\t\t\t\t\t\t\t\t\t\t\t\t\t<\/div>\n\t\t\t\t<\/div>\n\t\t\t\t<div class=\"elementor-element elementor-element-9550b9d elementor-widget elementor-widget-text-editor\" data-id=\"9550b9d\" data-element_type=\"widget\" data-widget_type=\"text-editor.default\">\n\t\t\t\t<div class=\"elementor-widget-container\">\n\t\t\t\t\t\t\t\t\t<h1>PAPRIKA\u00a0 JANCSI\u00a0 CS\u00daZLIZD\u00c1JA<\/h1><p><strong><em>Barta Antal<\/em><\/strong><\/p>\t\t\t\t\t\t\t\t<\/div>\n\t\t\t\t<\/div>\n\t\t\t\t\t<\/div>\n\t\t\t\t<\/div>\n\t\t<div class=\"elementor-element elementor-element-d51478a e-grid e-con-boxed e-con e-parent\" data-id=\"d51478a\" data-element_type=\"container\">\n\t\t\t\t\t<div class=\"e-con-inner\">\n\t\t\t\t<div class=\"elementor-element elementor-element-61d13d0 elementor-widget elementor-widget-image\" data-id=\"61d13d0\" data-element_type=\"widget\" data-widget_type=\"image.default\">\n\t\t\t\t<div class=\"elementor-widget-container\">\n\t\t\t\t\t\t\t\t\t\t\t\t\t\t\t\t<a href=\"https:\/\/vandorunnep.hu\/index.php\/vandorunnep\/vasari-mutatvanyok\/kosaras-korhintak\/\">\n\t\t\t\t\t\t\t<img decoding=\"async\" width=\"295\" height=\"300\" src=\"https:\/\/vandorunnep.hu\/wp-content\/uploads\/2024\/07\/Kosaras-korhintak-CD-borito-295x300.jpg\" class=\"attachment-medium size-medium wp-image-78\" alt=\"\" srcset=\"https:\/\/vandorunnep.hu\/wp-content\/uploads\/2024\/07\/Kosaras-korhintak-CD-borito-295x300.jpg 295w, https:\/\/vandorunnep.hu\/wp-content\/uploads\/2024\/07\/Kosaras-korhintak-CD-borito-1007x1024.jpg 1007w, https:\/\/vandorunnep.hu\/wp-content\/uploads\/2024\/07\/Kosaras-korhintak-CD-borito-768x781.jpg 768w, https:\/\/vandorunnep.hu\/wp-content\/uploads\/2024\/07\/Kosaras-korhintak-CD-borito-841x855.jpg 841w, https:\/\/vandorunnep.hu\/wp-content\/uploads\/2024\/07\/Kosaras-korhintak-CD-borito.jpg 1397w\" sizes=\"(max-width: 295px) 100vw, 295px\" \/>\t\t\t\t\t\t\t\t<\/a>\n\t\t\t\t\t\t\t\t\t\t\t\t\t\t\t<\/div>\n\t\t\t\t<\/div>\n\t\t\t\t<div class=\"elementor-element elementor-element-6cac3bb elementor-widget elementor-widget-text-editor\" data-id=\"6cac3bb\" data-element_type=\"widget\" data-widget_type=\"text-editor.default\">\n\t\t\t\t<div class=\"elementor-widget-container\">\n\t\t\t\t\t\t\t\t\t<h1>KOSARAS\u00a0 K\u00d6RHINT\u00c1K<\/h1><p><strong><em>N\u00e9der Norbert<\/em><\/strong><\/p>\t\t\t\t\t\t\t\t<\/div>\n\t\t\t\t<\/div>\n\t\t\t\t\t<\/div>\n\t\t\t\t<\/div>\n\t\t<div class=\"elementor-element elementor-element-21dfbcc e-grid e-con-boxed e-con e-parent\" data-id=\"21dfbcc\" data-element_type=\"container\">\n\t\t\t\t\t<div class=\"e-con-inner\">\n\t\t\t\t<div class=\"elementor-element elementor-element-24e0da5 elementor-widget elementor-widget-image\" data-id=\"24e0da5\" data-element_type=\"widget\" data-widget_type=\"image.default\">\n\t\t\t\t<div class=\"elementor-widget-container\">\n\t\t\t\t\t\t\t\t\t\t\t\t\t\t\t\t<a href=\"https:\/\/vandorunnep.hu\/index.php\/vandorunnep\/vasari-mutatvanyok\/szarvasos-korhinta\/\">\n\t\t\t\t\t\t\t<img decoding=\"async\" width=\"295\" height=\"300\" src=\"https:\/\/vandorunnep.hu\/wp-content\/uploads\/2024\/07\/Szarvasos-korhinta-CD-borito-295x300.jpg\" class=\"attachment-medium size-medium wp-image-79\" alt=\"\" srcset=\"https:\/\/vandorunnep.hu\/wp-content\/uploads\/2024\/07\/Szarvasos-korhinta-CD-borito-295x300.jpg 295w, https:\/\/vandorunnep.hu\/wp-content\/uploads\/2024\/07\/Szarvasos-korhinta-CD-borito-1007x1024.jpg 1007w, https:\/\/vandorunnep.hu\/wp-content\/uploads\/2024\/07\/Szarvasos-korhinta-CD-borito-768x781.jpg 768w, https:\/\/vandorunnep.hu\/wp-content\/uploads\/2024\/07\/Szarvasos-korhinta-CD-borito-841x855.jpg 841w, https:\/\/vandorunnep.hu\/wp-content\/uploads\/2024\/07\/Szarvasos-korhinta-CD-borito.jpg 1397w\" sizes=\"(max-width: 295px) 100vw, 295px\" \/>\t\t\t\t\t\t\t\t<\/a>\n\t\t\t\t\t\t\t\t\t\t\t\t\t\t\t<\/div>\n\t\t\t\t<\/div>\n\t\t\t\t<div class=\"elementor-element elementor-element-cfd8399 elementor-widget elementor-widget-text-editor\" data-id=\"cfd8399\" data-element_type=\"widget\" data-widget_type=\"text-editor.default\">\n\t\t\t\t<div class=\"elementor-widget-container\">\n\t\t\t\t\t\t\t\t\t<h1>SZARVASOS\u00a0 K\u00d6RHINTA<\/h1><p><strong><em>N\u00e9der Norbert<\/em><\/strong><\/p>\t\t\t\t\t\t\t\t<\/div>\n\t\t\t\t<\/div>\n\t\t\t\t\t<\/div>\n\t\t\t\t<\/div>\n\t\t\t\t<\/div>\n\t\t","protected":false},"excerpt":{"rendered":"<p>PAPRIKA\u00a0 JANCSI\u00a0 CS\u00daZLIZD\u00c1JA Barta Antal KOSARAS\u00a0 K\u00d6RHINT\u00c1K N\u00e9der Norbert SZARVASOS\u00a0 K\u00d6RHINTA N\u00e9der Norbert<\/p>\n","protected":false},"author":1,"featured_media":0,"parent":14,"menu_order":3,"comment_status":"closed","ping_status":"closed","template":"","meta":{"footnotes":""},"class_list":["post-76","page","type-page","status-publish","hentry","no-post-thumbnail"],"_links":{"self":[{"href":"https:\/\/vandorunnep.hu\/index.php\/wp-json\/wp\/v2\/pages\/76","targetHints":{"allow":["GET"]}}],"collection":[{"href":"https:\/\/vandorunnep.hu\/index.php\/wp-json\/wp\/v2\/pages"}],"about":[{"href":"https:\/\/vandorunnep.hu\/index.php\/wp-json\/wp\/v2\/types\/page"}],"author":[{"embeddable":true,"href":"https:\/\/vandorunnep.hu\/index.php\/wp-json\/wp\/v2\/users\/1"}],"replies":[{"embeddable":true,"href":"https:\/\/vandorunnep.hu\/index.php\/wp-json\/wp\/v2\/comments?post=76"}],"version-history":[{"count":13,"href":"https:\/\/vandorunnep.hu\/index.php\/wp-json\/wp\/v2\/pages\/76\/revisions"}],"predecessor-version":[{"id":288,"href":"https:\/\/vandorunnep.hu\/index.php\/wp-json\/wp\/v2\/pages\/76\/revisions\/288"}],"up":[{"embeddable":true,"href":"https:\/\/vandorunnep.hu\/index.php\/wp-json\/wp\/v2\/pages\/14"}],"wp:attachment":[{"href":"https:\/\/vandorunnep.hu\/index.php\/wp-json\/wp\/v2\/media?parent=76"}],"curies":[{"name":"wp","href":"https:\/\/api.w.org\/{rel}","templated":true}]}}