{"id":90,"date":"2024-07-30T13:35:12","date_gmt":"2024-07-30T13:35:12","guid":{"rendered":"https:\/\/vandorunnep.hu\/?page_id=90"},"modified":"2024-08-03T09:08:20","modified_gmt":"2024-08-03T09:08:20","slug":"jatszato-kalandparkok","status":"publish","type":"page","link":"https:\/\/vandorunnep.hu\/index.php\/vandorunnep\/jatszato-kalandparkok\/","title":{"rendered":"J\u00e1tszat\u00f3 kalandparkok"},"content":{"rendered":"\t\t<div data-elementor-type=\"wp-page\" data-elementor-id=\"90\" class=\"elementor elementor-90\">\n\t\t\t\t<div class=\"elementor-element elementor-element-c6abba0 e-grid e-con-boxed e-con e-parent\" data-id=\"c6abba0\" data-element_type=\"container\">\n\t\t\t\t\t<div class=\"e-con-inner\">\n\t\t\t\t<div class=\"elementor-element elementor-element-5a56626 elementor-widget elementor-widget-image\" data-id=\"5a56626\" data-element_type=\"widget\" data-widget_type=\"image.default\">\n\t\t\t\t<div class=\"elementor-widget-container\">\n\t\t\t\t\t\t\t\t\t\t\t\t\t\t\t\t<a href=\"https:\/\/vandorunnep.hu\/index.php\/vandorunnep\/jatszato-kalandparkok\/aranyalma-hatkorjatek\/\">\n\t\t\t\t\t\t\t<img fetchpriority=\"high\" decoding=\"async\" width=\"295\" height=\"300\" src=\"https:\/\/vandorunnep.hu\/wp-content\/uploads\/2024\/07\/Aranyalma-Hatkorjatek-CD-borito-295x300.jpg\" class=\"attachment-medium size-medium wp-image-91\" alt=\"\" srcset=\"https:\/\/vandorunnep.hu\/wp-content\/uploads\/2024\/07\/Aranyalma-Hatkorjatek-CD-borito-295x300.jpg 295w, https:\/\/vandorunnep.hu\/wp-content\/uploads\/2024\/07\/Aranyalma-Hatkorjatek-CD-borito-1007x1024.jpg 1007w, https:\/\/vandorunnep.hu\/wp-content\/uploads\/2024\/07\/Aranyalma-Hatkorjatek-CD-borito-768x781.jpg 768w, https:\/\/vandorunnep.hu\/wp-content\/uploads\/2024\/07\/Aranyalma-Hatkorjatek-CD-borito-841x855.jpg 841w, https:\/\/vandorunnep.hu\/wp-content\/uploads\/2024\/07\/Aranyalma-Hatkorjatek-CD-borito.jpg 1397w\" sizes=\"(max-width: 295px) 100vw, 295px\" \/>\t\t\t\t\t\t\t\t<\/a>\n\t\t\t\t\t\t\t\t\t\t\t\t\t\t\t<\/div>\n\t\t\t\t<\/div>\n\t\t\t\t<div class=\"elementor-element elementor-element-15e2f93 elementor-widget elementor-widget-text-editor\" data-id=\"15e2f93\" data-element_type=\"widget\" data-widget_type=\"text-editor.default\">\n\t\t\t\t<div class=\"elementor-widget-container\">\n\t\t\t\t\t\t\t\t\t<h1>ARANYALMA\u00a0 HATK\u00d6RJ\u00c1T\u00c9K<\/h1><p><strong><em>Kisn\u00e9 Drexler Andrea<\/em><\/strong><\/p>\t\t\t\t\t\t\t\t<\/div>\n\t\t\t\t<\/div>\n\t\t\t\t\t<\/div>\n\t\t\t\t<\/div>\n\t\t<div class=\"elementor-element elementor-element-e7cda67 e-grid e-con-boxed e-con e-parent\" data-id=\"e7cda67\" data-element_type=\"container\">\n\t\t\t\t\t<div class=\"e-con-inner\">\n\t\t\t\t<div class=\"elementor-element elementor-element-d325869 elementor-widget elementor-widget-image\" data-id=\"d325869\" data-element_type=\"widget\" data-widget_type=\"image.default\">\n\t\t\t\t<div class=\"elementor-widget-container\">\n\t\t\t\t\t\t\t\t\t\t\t\t\t\t\t\t<a href=\"https:\/\/vandorunnep.hu\/index.php\/vandorunnep\/jatszato-kalandparkok\/kozepkori-vasarter\/\">\n\t\t\t\t\t\t\t<img decoding=\"async\" width=\"295\" height=\"300\" src=\"https:\/\/vandorunnep.hu\/wp-content\/uploads\/2024\/07\/Kozepkori-vasarter-CD-borito-295x300.jpg\" class=\"attachment-medium size-medium wp-image-92\" alt=\"\" srcset=\"https:\/\/vandorunnep.hu\/wp-content\/uploads\/2024\/07\/Kozepkori-vasarter-CD-borito-295x300.jpg 295w, https:\/\/vandorunnep.hu\/wp-content\/uploads\/2024\/07\/Kozepkori-vasarter-CD-borito-1007x1024.jpg 1007w, https:\/\/vandorunnep.hu\/wp-content\/uploads\/2024\/07\/Kozepkori-vasarter-CD-borito-768x781.jpg 768w, https:\/\/vandorunnep.hu\/wp-content\/uploads\/2024\/07\/Kozepkori-vasarter-CD-borito-841x855.jpg 841w, https:\/\/vandorunnep.hu\/wp-content\/uploads\/2024\/07\/Kozepkori-vasarter-CD-borito.jpg 1397w\" sizes=\"(max-width: 295px) 100vw, 295px\" \/>\t\t\t\t\t\t\t\t<\/a>\n\t\t\t\t\t\t\t\t\t\t\t\t\t\t\t<\/div>\n\t\t\t\t<\/div>\n\t\t\t\t<div class=\"elementor-element elementor-element-b765f4d elementor-widget elementor-widget-text-editor\" data-id=\"b765f4d\" data-element_type=\"widget\" data-widget_type=\"text-editor.default\">\n\t\t\t\t<div class=\"elementor-widget-container\">\n\t\t\t\t\t\t\t\t\t<h1>K\u00d6Z\u00c9PKORI\u00a0 V\u00c1S\u00c1RT\u00c9R<\/h1><p><strong><em>Kert\u00e9sz Gyula<\/em><\/strong><\/p>\t\t\t\t\t\t\t\t<\/div>\n\t\t\t\t<\/div>\n\t\t\t\t\t<\/div>\n\t\t\t\t<\/div>\n\t\t\t\t<\/div>\n\t\t","protected":false},"excerpt":{"rendered":"<p>ARANYALMA\u00a0 HATK\u00d6RJ\u00c1T\u00c9K Kisn\u00e9 Drexler Andrea K\u00d6Z\u00c9PKORI\u00a0 V\u00c1S\u00c1RT\u00c9R Kert\u00e9sz Gyula<\/p>\n","protected":false},"author":1,"featured_media":0,"parent":14,"menu_order":4,"comment_status":"closed","ping_status":"closed","template":"","meta":{"footnotes":""},"class_list":["post-90","page","type-page","status-publish","hentry","no-post-thumbnail"],"_links":{"self":[{"href":"https:\/\/vandorunnep.hu\/index.php\/wp-json\/wp\/v2\/pages\/90","targetHints":{"allow":["GET"]}}],"collection":[{"href":"https:\/\/vandorunnep.hu\/index.php\/wp-json\/wp\/v2\/pages"}],"about":[{"href":"https:\/\/vandorunnep.hu\/index.php\/wp-json\/wp\/v2\/types\/page"}],"author":[{"embeddable":true,"href":"https:\/\/vandorunnep.hu\/index.php\/wp-json\/wp\/v2\/users\/1"}],"replies":[{"embeddable":true,"href":"https:\/\/vandorunnep.hu\/index.php\/wp-json\/wp\/v2\/comments?post=90"}],"version-history":[{"count":9,"href":"https:\/\/vandorunnep.hu\/index.php\/wp-json\/wp\/v2\/pages\/90\/revisions"}],"predecessor-version":[{"id":262,"href":"https:\/\/vandorunnep.hu\/index.php\/wp-json\/wp\/v2\/pages\/90\/revisions\/262"}],"up":[{"embeddable":true,"href":"https:\/\/vandorunnep.hu\/index.php\/wp-json\/wp\/v2\/pages\/14"}],"wp:attachment":[{"href":"https:\/\/vandorunnep.hu\/index.php\/wp-json\/wp\/v2\/media?parent=90"}],"curies":[{"name":"wp","href":"https:\/\/api.w.org\/{rel}","templated":true}]}}