{"id":96,"date":"2024-07-30T13:39:27","date_gmt":"2024-07-30T13:39:27","guid":{"rendered":"https:\/\/vandorunnep.hu\/?page_id=96"},"modified":"2024-08-01T13:37:38","modified_gmt":"2024-08-01T13:37:38","slug":"kezmuves-foglalkozasok","status":"publish","type":"page","link":"https:\/\/vandorunnep.hu\/index.php\/vandorunnep\/kezmuves-foglalkozasok\/","title":{"rendered":"K\u00e9zm\u0171ves foglalkoz\u00e1sok"},"content":{"rendered":"\t\t<div data-elementor-type=\"wp-page\" data-elementor-id=\"96\" class=\"elementor elementor-96\">\n\t\t\t\t<div class=\"elementor-element elementor-element-6ce85f0 e-grid e-con-boxed e-con e-parent\" data-id=\"6ce85f0\" data-element_type=\"container\">\n\t\t\t\t\t<div class=\"e-con-inner\">\n\t\t\t\t<div class=\"elementor-element elementor-element-40bf93b elementor-widget elementor-widget-image\" data-id=\"40bf93b\" data-element_type=\"widget\" data-widget_type=\"image.default\">\n\t\t\t\t<div class=\"elementor-widget-container\">\n\t\t\t\t\t\t\t\t\t\t\t\t\t\t\t\t<a href=\"https:\/\/vandorunnep.hu\/index.php\/vandorunnep\/kezmuves-foglalkozasok\/aranyalma-kezmuhely\/\">\n\t\t\t\t\t\t\t<img fetchpriority=\"high\" decoding=\"async\" width=\"295\" height=\"300\" src=\"https:\/\/vandorunnep.hu\/wp-content\/uploads\/2024\/07\/Aranyalma-Kezmuhely-LOGO-CD-borito-295x300.jpg\" class=\"attachment-medium size-medium wp-image-97\" alt=\"\" srcset=\"https:\/\/vandorunnep.hu\/wp-content\/uploads\/2024\/07\/Aranyalma-Kezmuhely-LOGO-CD-borito-295x300.jpg 295w, https:\/\/vandorunnep.hu\/wp-content\/uploads\/2024\/07\/Aranyalma-Kezmuhely-LOGO-CD-borito-1007x1024.jpg 1007w, https:\/\/vandorunnep.hu\/wp-content\/uploads\/2024\/07\/Aranyalma-Kezmuhely-LOGO-CD-borito-768x781.jpg 768w, https:\/\/vandorunnep.hu\/wp-content\/uploads\/2024\/07\/Aranyalma-Kezmuhely-LOGO-CD-borito-841x855.jpg 841w, https:\/\/vandorunnep.hu\/wp-content\/uploads\/2024\/07\/Aranyalma-Kezmuhely-LOGO-CD-borito.jpg 1397w\" sizes=\"(max-width: 295px) 100vw, 295px\" \/>\t\t\t\t\t\t\t\t<\/a>\n\t\t\t\t\t\t\t\t\t\t\t\t\t\t\t<\/div>\n\t\t\t\t<\/div>\n\t\t\t\t<div class=\"elementor-element elementor-element-96dc7a7 elementor-widget elementor-widget-text-editor\" data-id=\"96dc7a7\" data-element_type=\"widget\" data-widget_type=\"text-editor.default\">\n\t\t\t\t<div class=\"elementor-widget-container\">\n\t\t\t\t\t\t\t\t\t<h1>Aranyalma K\u00e9zm\u0171hely<\/h1>\t\t\t\t\t\t\t\t<\/div>\n\t\t\t\t<\/div>\n\t\t\t\t\t<\/div>\n\t\t\t\t<\/div>\n\t\t\t\t<\/div>\n\t\t","protected":false},"excerpt":{"rendered":"<p>Aranyalma K\u00e9zm\u0171hely<\/p>\n","protected":false},"author":1,"featured_media":0,"parent":14,"menu_order":5,"comment_status":"closed","ping_status":"closed","template":"","meta":{"footnotes":""},"class_list":["post-96","page","type-page","status-publish","hentry","no-post-thumbnail"],"_links":{"self":[{"href":"https:\/\/vandorunnep.hu\/index.php\/wp-json\/wp\/v2\/pages\/96","targetHints":{"allow":["GET"]}}],"collection":[{"href":"https:\/\/vandorunnep.hu\/index.php\/wp-json\/wp\/v2\/pages"}],"about":[{"href":"https:\/\/vandorunnep.hu\/index.php\/wp-json\/wp\/v2\/types\/page"}],"author":[{"embeddable":true,"href":"https:\/\/vandorunnep.hu\/index.php\/wp-json\/wp\/v2\/users\/1"}],"replies":[{"embeddable":true,"href":"https:\/\/vandorunnep.hu\/index.php\/wp-json\/wp\/v2\/comments?post=96"}],"version-history":[{"count":7,"href":"https:\/\/vandorunnep.hu\/index.php\/wp-json\/wp\/v2\/pages\/96\/revisions"}],"predecessor-version":[{"id":227,"href":"https:\/\/vandorunnep.hu\/index.php\/wp-json\/wp\/v2\/pages\/96\/revisions\/227"}],"up":[{"embeddable":true,"href":"https:\/\/vandorunnep.hu\/index.php\/wp-json\/wp\/v2\/pages\/14"}],"wp:attachment":[{"href":"https:\/\/vandorunnep.hu\/index.php\/wp-json\/wp\/v2\/media?parent=96"}],"curies":[{"name":"wp","href":"https:\/\/api.w.org\/{rel}","templated":true}]}}